{"id":938,"date":"2009-02-12T12:00:32","date_gmt":"2009-02-12T12:00:32","guid":{"rendered":"http:\/\/vu2158.shelley.1984.is\/?page_id=938"},"modified":"2017-07-13T18:04:39","modified_gmt":"2017-07-13T18:04:39","slug":"77-safnaradsfundur","status":"publish","type":"page","link":"https:\/\/safnarad.is\/en\/um-safnarad\/fundargerdir\/arin-2012-2001\/arid-2009\/77-safnaradsfundur\/","title":{"rendered":"77th Museum Council Meeting"},"content":{"rendered":"<p>Minutes of the 77th meeting of the Museum Council \u2013 Allocation Meeting 2009<br \/>\n<br \/>\nFebruary 12, 2009, 12:00 \u2013 17:00, Setberg, National Museum of Iceland<\/p>\n<p>Present: Margr\u00e9t Hallgr\u00edmsd\u00f3ttir, chairman, Helgi Torfason, Sveinn Kristinsson, AlmaD\u00eds Kristinsd\u00f3ttir, J\u00fal\u00edana Gottsk\u00e1lksd\u00f3ttir and Rakel Halld\u00f3rsd\u00f3ttir.<br \/>\n<br \/>\n&nbsp;&nbsp;<br \/>\n<br \/>\n1. A minor change was made to the minutes of the 76th meeting. The minutes will be approved and signed at the next meeting. <\/p>\n<p>2.&nbsp;<u>Allocation from the museum fund 2009<\/u>.<br \/>\n<br \/>\nApplications for the 2009 museum fund were discussed. A proposal for the 2009 allocation was approved. The proposal is based on the Museum Board&#039;s new calculation method for calculating operating grants, which was decided in early 2008, but allocations were also made taking into account the new method that year.<br \/>\n<br \/>\nThe scope of the salary costs in the operation of museums was taken into account when calculating the operating grant. It was agreed to provide operating grants in two categories, depending on the total salary costs of a museum. Museums with salary costs under 9,675,000 kr\u00f3nur will receive 1.6 million in operating grants. Museums with salary costs of 9,675,000 kr\u00f3nur and above will receive 2.35 million in operating grants. When allocating funds, the Ministry of Education and Culture&#039;s response to the Museum Council regarding grants to museums that receive additional grants in the 2009 budget for operations or projects was taken into account. The Ministry&#039;s letter states that since the Museum Council had not specifically advertised or announced that such grants would be considered in the 2009 allocation, this would not be possible in this allocation. It was agreed to provide museums with valid service agreements for services in the field of professional museum work to centers\/exhibitions\/institutions in museum work, which have the dissemination of cultural heritage as their main goal, a 100 thousand. kr. increase in operating funding for each valid agreement. Project grants were approved for several museums. The importance of increasing the weight of project grants in allocation was discussed. ADK and SK left the meeting while grants to museums they are associated with were discussed. <\/p>\n<p>The Director was instructed to carefully review the proposal. The approved allocation was subsequently confirmed electronically by the Museum Council on February 19, 2009. <\/p>\n<p>It was agreed to provide eligible museums according to Article 4 of the Museums Act with grants to facilitate the museums in sending representatives to the Continuing Education Course for Museum Professionals organized by the Association of Icelandic Museums and Museum Professionals and the Continuing Education Department of the University of Iceland, on March 16 and 17, 2009. Museums in the metropolitan area will receive a grant of ISK 10,000 per museum. Museums in rural areas will receive a grant of ISK 20,000 per museum. Applications for the grant must be made by letter to the Museums Council, accompanied by confirmation of payment of the course fee for the museum representative. <\/p>\n<p>3.&nbsp;<u>Next meeting and other matters<\/u>The next meeting was scheduled for February 26th.&nbsp;&nbsp; <\/p>\n<p>There was no further discussion and the meeting adjourned at 17:00\/RH<br \/><\/p>","protected":false},"excerpt":{"rendered":"<p>Minutes of the 77th meeting of the Museum Council \u2013 Allocation Meeting 2009 February 12, 2009, 12:00 \u2013 17:00, Setberg, National Museum of Iceland Present: Margr\u00e9t Hallgr\u00edmsd\u00f3ttir Chairman, Helgi Torfason, Sveinn Kristinsson, AlmaD\u00eds Kristinsd\u00f3ttir, J\u00fal\u00edana Gottsk\u00e1lksd\u00f3ttir and Rakel Halld\u00f3rsd\u00f3ttir. 1. A slight change was made to the minutes of the 76th meeting. The minutes will be approved and signed at the next meeting. 2. Allocation from the museum fund 2009. The following was discussed\u2026<\/p>","protected":false},"author":1,"featured_media":0,"parent":912,"menu_order":0,"comment_status":"closed","ping_status":"closed","template":"","meta":{"_acf_changed":false,"_exactmetrics_skip_tracking":false,"_exactmetrics_sitenote_active":false,"_exactmetrics_sitenote_note":"","_exactmetrics_sitenote_category":0,"footnotes":""},"class_list":["post-938","page","type-page","status-publish","hentry"],"acf":[],"_links":{"self":[{"href":"https:\/\/safnarad.is\/en\/wp-json\/wp\/v2\/pages\/938","targetHints":{"allow":["GET"]}}],"collection":[{"href":"https:\/\/safnarad.is\/en\/wp-json\/wp\/v2\/pages"}],"about":[{"href":"https:\/\/safnarad.is\/en\/wp-json\/wp\/v2\/types\/page"}],"author":[{"embeddable":true,"href":"https:\/\/safnarad.is\/en\/wp-json\/wp\/v2\/users\/1"}],"replies":[{"embeddable":true,"href":"https:\/\/safnarad.is\/en\/wp-json\/wp\/v2\/comments?post=938"}],"version-history":[{"count":1,"href":"https:\/\/safnarad.is\/en\/wp-json\/wp\/v2\/pages\/938\/revisions"}],"predecessor-version":[{"id":939,"href":"https:\/\/safnarad.is\/en\/wp-json\/wp\/v2\/pages\/938\/revisions\/939"}],"up":[{"embeddable":true,"href":"https:\/\/safnarad.is\/en\/wp-json\/wp\/v2\/pages\/912"}],"wp:attachment":[{"href":"https:\/\/safnarad.is\/en\/wp-json\/wp\/v2\/media?parent=938"}],"curies":[{"name":"wp","href":"https:\/\/api.w.org\/{rel}","templated":true}]}}