{"id":936,"date":"2009-02-26T15:00:27","date_gmt":"2009-02-26T15:00:27","guid":{"rendered":"http:\/\/vu2158.shelley.1984.is\/?page_id=936"},"modified":"2017-07-13T18:03:28","modified_gmt":"2017-07-13T18:03:28","slug":"78-safnaradsfundur","status":"publish","type":"page","link":"https:\/\/safnarad.is\/en\/um-safnarad\/fundargerdir\/arin-2012-2001\/arid-2009\/78-safnaradsfundur\/","title":{"rendered":"78th Museum Council Meeting"},"content":{"rendered":"<p>Minutes of the 78th meeting of the Museum Council<br \/>\n<br \/>\nFebruary 26, 2009, 3:00 PM \u2013 5:00 PM, Setberg, National Museum of Iceland<\/p>\n<p>Present: Margr\u00e9t Hallgr\u00edmsd\u00f3ttir, chairman, Helgi Torfason, AlmaD\u00eds Kristinsd\u00f3ttir and Rakel Halld\u00f3rsd\u00f3ttir. Sveinn Kristinsson and Halld\u00f3r Bj\u00f6rn Run\u00f3lfsson announced their absence.<\/p>\n<p>1. The minutes of the 76th and 77th meetings will be approved and signed at the next meeting.<\/p>\n<p>2. Allocation from the museum fund 2009.<br \/>\n<br \/>\nThe development of allocations from the museum fund was discussed. The 2009 allocation was finalized and the allocation letter was signed.<\/p>\n<p>3. Next meeting and other matters. The next meeting was scheduled for March 26th, according to the meeting schedule.<\/p>\n<p>There was no further discussion and the meeting adjourned at 17:00\/RH<br \/><\/p>","protected":false},"excerpt":{"rendered":"<p>Minutes of the 78th meeting of the Museum Council 26 February 2009, 15:00 \u2013 17:00, Setberg, National Museum of Iceland Present: Margr\u00e9t Hallgr\u00edmsd\u00f3ttir, Chairman, Helgi Torfason, AlmaD\u00eds Kristinsd\u00f3ttir and Rakel Halld\u00f3rsd\u00f3ttir. Sveinn Kristinsson and Halld\u00f3r Bj\u00f6rn Run\u00f3lfsson announced their absence. 1. The minutes of the 76th and 77th meetings will be approved and signed at the next meeting. 2. Allocation from the museum fund 2009. The development of allocations was discussed \u2026<\/p>","protected":false},"author":1,"featured_media":0,"parent":912,"menu_order":0,"comment_status":"closed","ping_status":"closed","template":"","meta":{"_acf_changed":false,"_exactmetrics_skip_tracking":false,"_exactmetrics_sitenote_active":false,"_exactmetrics_sitenote_note":"","_exactmetrics_sitenote_category":0,"footnotes":""},"class_list":["post-936","page","type-page","status-publish","hentry"],"acf":[],"_links":{"self":[{"href":"https:\/\/safnarad.is\/en\/wp-json\/wp\/v2\/pages\/936","targetHints":{"allow":["GET"]}}],"collection":[{"href":"https:\/\/safnarad.is\/en\/wp-json\/wp\/v2\/pages"}],"about":[{"href":"https:\/\/safnarad.is\/en\/wp-json\/wp\/v2\/types\/page"}],"author":[{"embeddable":true,"href":"https:\/\/safnarad.is\/en\/wp-json\/wp\/v2\/users\/1"}],"replies":[{"embeddable":true,"href":"https:\/\/safnarad.is\/en\/wp-json\/wp\/v2\/comments?post=936"}],"version-history":[{"count":1,"href":"https:\/\/safnarad.is\/en\/wp-json\/wp\/v2\/pages\/936\/revisions"}],"predecessor-version":[{"id":937,"href":"https:\/\/safnarad.is\/en\/wp-json\/wp\/v2\/pages\/936\/revisions\/937"}],"up":[{"embeddable":true,"href":"https:\/\/safnarad.is\/en\/wp-json\/wp\/v2\/pages\/912"}],"wp:attachment":[{"href":"https:\/\/safnarad.is\/en\/wp-json\/wp\/v2\/media?parent=936"}],"curies":[{"name":"wp","href":"https:\/\/api.w.org\/{rel}","templated":true}]}}