{"id":88,"date":"2017-06-29T16:06:29","date_gmt":"2017-06-29T16:06:29","guid":{"rendered":"http:\/\/vu2158.shelley.1984.is\/?page_id=88"},"modified":"2022-12-05T16:14:23","modified_gmt":"2022-12-05T16:14:23","slug":"simenntunarstyrkir-til-vidurkenndra-safna","status":"publish","type":"page","link":"https:\/\/safnarad.is\/en\/safnasjodur\/simenntunarstyrkir-til-vidurkenndra-safna\/","title":{"rendered":"Additional allocation of the museum fund"},"content":{"rendered":"<p>\u00cd auka\u00fathlutun safnasj\u00f3\u00f0s \u00e1 s\u00ed\u00f0asta \u00e1rsfj\u00f3r\u00f0ungi hvers \u00e1rs, geta vi\u00f0urkennd s\u00f6fn s\u00f3tt um styrki til s\u00edmenntunar og styrk til stafr\u00e6nna kynningarm\u00e1la.<\/p>\n<p>Tilgangur me\u00f0 styrkjum \u00far auka\u00fathlutun er a\u00f0 styrkja faglegt starf safnanna. Til s\u00edmenntunar eru tveir styrkflokkar \u00ed bo\u00f0i, <em>S\u00edmenntunarstyrkur fyrir starfsmenn safns<\/em>\u00a0and\u00a0<em>Courses\/speakers. <\/em>Einnig er \u00ed bo\u00f0i styrkur til <em>stafr\u00e6nna kynningarm\u00e1la<br \/>\n<\/em>Augl\u00fdst er eftir ums\u00f3knum \u00e1 s\u00ed\u00f0asta \u00e1rsfj\u00f3r\u00f0ungi hvers \u00e1rs og \u00e1forma\u00f0 er a\u00f0 \u00fathlutun \u00far sj\u00f3\u00f0num ver\u00f0i \u00ed desember sama \u00e1r. <strong>N\u00fdta ver\u00f0ur styrkinn fyrir lok desember n\u00e6sta \u00e1rs.<\/strong><\/p>\n<h2><strong>The following grant categories are available:<\/strong><\/h2>\n<p><strong>a) Digital promotion grant<\/strong><\/p>\n<ul>\n<li>Recognized museums can submit at any time\u00a0<strong>one application<\/strong>\u00a0about grants in a category\u00a0<em>a) Digital promotion grant\u00a0<\/em>and received at most one grant.<\/li>\n<li>The purpose of these grants is to strengthen the digital promotion of the museums, whether on social media or on their own websites.<\/li>\n<li>The emphasis is on the grant strengthening the museum as a destination for visitors or promoting the museum&#039;s activities.<\/li>\n<li>You can apply for grants, for example, to create content for publication, to cover publication costs, to obtain external services to promote social media or websites, or to promote the museum&#039;s activities, to name a few.<\/li>\n<li>Each scholarship and application is\u00a0<strong>maximum of 300,000 kr\u00f3nur.<\/strong><\/li>\n<\/ul>\n<p><strong>b) Continuing education for museum employees<\/strong><\/p>\n<ul>\n<li>Recognized museums can submit at any time\u00a0<strong>one application<\/strong>\u00a0about grants in a category\u00a0<em>b) Continuing education for museum employees\u00a0<\/em>and received at most one grant.<\/li>\n<li>Continuing education grants for museum employees can be used, for example, to attend courses or conferences in Iceland or abroad.<\/li>\n<li>Each scholarship and application is\u00a0<strong>maximum of 300,000 kr\u00f3nur.<\/strong><\/li>\n<\/ul>\n<p><strong>c) Exchange of funds between museums<\/strong><\/p>\n<ul>\n<li>Recognized museums can submit one grant application per category at a time.\u00a0<em>c) Exchange of funds between museums\u00a0<\/em>and received at most one grant.<\/li>\n<li><em>Exchange of funds between museums\u00a0<\/em>is intended for peer education of museum employees and shall be used for travel and subsistence grants.<\/li>\n<li>It should be noted which museum will be visited and what will be learned.<\/li>\n<li>Each scholarship and application is\u00a0<strong>maximum of 300,000 kr\u00f3nur.<\/strong><\/li>\n<\/ul>\n<p><strong>d) Courses\/speakers \u2013 Museums apply individually<\/strong><\/p>\n<ul>\n<li>Recognized museums can submit at any time\u00a0<strong>one application\u00a0<\/strong>about support in a class<em>\u00a0d)<\/em>\u00a0<em>Courses\/speakers<\/em>\u00a0and received at most one grant.<\/li>\n<li>Each museum can receive a maximum of one grant in this category.<\/li>\n<li>This category of grant is intended as a grant to the museum to hold courses\/symposiums\/conferences or to host lectures domestically that could benefit the museum as a whole as well as a larger group of museum members.<\/li>\n<li>Each scholarship and application is\u00a0<strong>maximum of 300,000 kr\u00f3nur.<\/strong><strong>\u200b\u200b\u200b\u200b\u200b\u200b\u200b\u200b\u200b<\/strong><\/li>\n<\/ul>\n<p><strong>e) Courses\/speakers \u2013 Collaborative projects of recognized museums<\/strong><\/p>\n<ul>\n<li>Recognized museums can apply in collaboration for a grant in a category\u00a0<em>e)<\/em>\u00a0<em>Courses\/speakers \u2013 collaborative projects<\/em>If the collaboration is between at least two recognized museums, additional parties may also participate in these grant applications.<\/li>\n<li>This category of grant is intended as a grant to the museum to hold courses\/symposiums\/conferences or to host lectures domestically that could benefit the museum as a whole as well as a larger group of museum members.<\/li>\n<li>Each museum can be a party to more than one application.<\/li>\n<li>If museums apply in collaboration, each grant and application can be\u00a0<strong>maximum of 600,000 kr\u00f3nur.<\/strong><\/li>\n<\/ul>\n<p><strong>NOTE:<\/strong><\/p>\n<ul>\n<li>All grants are applied for through\u00a0<a href=\"https:\/\/safnarad.eydublod.is\/Forms\" target=\"_blank\" rel=\"noopener noreferrer\">Museum Council application website<\/a>, applications in progress and submitted applications can be found at\u00a0<a href=\"https:\/\/innskraning.island.is\/?id=focal2.is&amp;path=%2fusers%3fsub%3dwww\" target=\"_blank\" rel=\"noopener noreferrer\">My pages<\/a>.<\/li>\n<li>A grant is not automatically proposed to all eligible applicants, but the amounts and number of grants will depend on the fund&#039;s available funds and the number and quality of applications.<\/li>\n<li>Applications received after the application deadline will not be considered.<\/li>\n<li>Safnar\u00e1\u00f0 fer yfir allar ums\u00f3knir \u00ed safnasj\u00f3\u00f0 og metur \u00fe\u00e6r me\u00f0 faglegum h\u00e6tti me\u00f0 hli\u00f0sj\u00f3n af safnal\u00f6gum nr. 141\/2011, \u00fathlutunarreglum safnasj\u00f3\u00f0s nr. 551\/2016 og verklagsreglum safnar\u00e1\u00f0s.<\/li>\n<\/ul>","protected":false},"excerpt":{"rendered":"<p>\u00cd auka\u00fathlutun safnasj\u00f3\u00f0s \u00e1 s\u00ed\u00f0asta \u00e1rsfj\u00f3r\u00f0ungi hvers \u00e1rs, geta vi\u00f0urkennd s\u00f6fn s\u00f3tt um styrki til s\u00edmenntunar og styrk til stafr\u00e6nna kynningarm\u00e1la. Tilgangur me\u00f0 styrkjum \u00far auka\u00fathlutun er a\u00f0 styrkja faglegt starf safnanna. Til s\u00edmenntunar eru tveir styrkflokkar \u00ed bo\u00f0i, S\u00edmenntunarstyrkur fyrir starfsmenn safns\u00a0og\u00a0N\u00e1mskei\u00f0\/fyrirlesarar. Einnig er \u00ed bo\u00f0i styrkur til stafr\u00e6nna kynningarm\u00e1la Augl\u00fdst er eftir ums\u00f3knum &hellip;<\/p>","protected":false},"author":1,"featured_media":0,"parent":12,"menu_order":500,"comment_status":"closed","ping_status":"closed","template":"","meta":{"_acf_changed":false,"_exactmetrics_skip_tracking":false,"_exactmetrics_sitenote_active":false,"_exactmetrics_sitenote_note":"","_exactmetrics_sitenote_category":0,"footnotes":""},"class_list":["post-88","page","type-page","status-publish","hentry"],"acf":[],"_links":{"self":[{"href":"https:\/\/safnarad.is\/en\/wp-json\/wp\/v2\/pages\/88","targetHints":{"allow":["GET"]}}],"collection":[{"href":"https:\/\/safnarad.is\/en\/wp-json\/wp\/v2\/pages"}],"about":[{"href":"https:\/\/safnarad.is\/en\/wp-json\/wp\/v2\/types\/page"}],"author":[{"embeddable":true,"href":"https:\/\/safnarad.is\/en\/wp-json\/wp\/v2\/users\/1"}],"replies":[{"embeddable":true,"href":"https:\/\/safnarad.is\/en\/wp-json\/wp\/v2\/comments?post=88"}],"version-history":[{"count":28,"href":"https:\/\/safnarad.is\/en\/wp-json\/wp\/v2\/pages\/88\/revisions"}],"predecessor-version":[{"id":3348,"href":"https:\/\/safnarad.is\/en\/wp-json\/wp\/v2\/pages\/88\/revisions\/3348"}],"up":[{"embeddable":true,"href":"https:\/\/safnarad.is\/en\/wp-json\/wp\/v2\/pages\/12"}],"wp:attachment":[{"href":"https:\/\/safnarad.is\/en\/wp-json\/wp\/v2\/media?parent=88"}],"curies":[{"name":"wp","href":"https:\/\/api.w.org\/{rel}","templated":true}]}}