{"id":65,"date":"2017-06-29T15:24:41","date_gmt":"2017-06-29T15:24:41","guid":{"rendered":"http:\/\/vu2158.shelley.1984.is\/?page_id=65"},"modified":"2025-03-12T11:05:54","modified_gmt":"2025-03-12T11:05:54","slug":"malthing-rannsoknir-og-vidburdir","status":"publish","type":"page","link":"https:\/\/safnarad.is\/en\/um-safnarad\/malthing-rannsoknir-og-vidburdir\/","title":{"rendered":"Conferences, research and events"},"content":{"rendered":"<div id=\"accordion-2\" class=\"accordion no-js\"><\/p>\n<p>\n\t\t\t\t\t<h3 role=\"button\" id=\"accordion-1-t1\" class=\"accordion-title js-accordion-controller\" aria-controls=\"accordion-1-c1\" aria-expanded=\"false\" tabindex=\"0\">\n\t\t\t\tSymposium: Collections for Education and Research 2024\t\t\t<\/h3>\n\t\t\n\t\t<div id=\"accordion-1-c1\" class=\"accordion-content\" aria-hidden=\"true\">\n\t\t\t<\/p>\n<p>International Museum Day is celebrated on May 18th each year, and ICOM, the International Council of Museums, has sponsored the day since 1977. The day's implementation is a collaborative project between the Icelandic chapter of ICOM and F\u00cdSOS, with strong support from the National Museum Council and the country's museums.<\/p>\n<p>The Icelandic section of ICOM, F\u00cdSOS, and the National Board of Museums organized a 2024 symposium in the run-up to International Museum Day, under the theme \"Museums for Education and Research,\" which was also the theme for Museum Day 2024. The moderator was Arnd\u00eds Bergsd\u00f3ttir on behalf of the Research Center for Museum Studies.<\/p>\n<p>The symposium was held at the Reykjav\u00edk Art Museum, Kjarvalssta\u00f0ir, on Tuesday, May 14, from 1:00 PM to 2:30 PM. Light refreshments followed, and a guided tour of Borghildur \u00d3skarsd\u00f3ttir's exhibition, \"Caution,\" was offered afterwards.<\/p>\n<p><a href=\"https:\/\/livestream.com\/accounts\/5108236\/events\/11145592\/videos\/245208191?fbclid=IwZXh0bgNhZW0CMTAAAR0WrMGNZAG2UfbwEzpb6O1SLf8CD4QJEDj_eMyO4Ky7bFvLV7fvsIfB1rY_aem_AeGXrIUzVrZ_uNQtXmcrjmqETvRHdWwCIF24r8FnUUnfEh_a0egbjv9hotsQmQEulcaawnAcNxFWVktp47JRBrF2\">Here you can find a recording of the symposium.<\/a><\/p>\n<div><a href=\"https:\/\/safnarad.is\/en\/frettir\/2024\/05\/malthing-sofn-i-thagu-fraedslu-og-rannsokna\/\">Here you can find photos from the symposium and a guided tour of Borghildur \u00d3skarsd\u00f3ttir's exhibition.<\/a><\/div>\n<h1 class=\"entry-title\"><\/h1>\n<p>&nbsp;<\/p>\n<p><div id=\"accordion-2\" class=\"accordion no-js\"><\/div><\/p>\n<p>\n\t\t\t\t\t<h3 role=\"button\" id=\"accordion-2-t1\" class=\"accordion-title js-accordion-controller\" aria-controls=\"accordion-2-c1\" aria-expanded=\"false\" tabindex=\"0\">\n\t\t\t\tThe Impact of COVID-19 on Museum Work in Iceland (2020)\t\t\t<\/h3>\n\t\t\n\t\t<div id=\"accordion-2-c1\" class=\"accordion-content\" aria-hidden=\"true\">\n\t\t\t\t\t<\/div>\n\n\t\t<\/p>\n<p>The Council of Museums, the Association of Icelandic Museums and Museum Professionals, and the Icelandic Section of ICOM conducted a survey among the directors of accredited and national museums in May and June 2020. The survey was about the impact of the COVID-19 pandemic on museum work in Iceland and was also conducted in collaboration with the three national museums.<br \/>\nThe aim was to solicit information about the challenges museums were suddenly facing and to assess the well-being of staff. The Museum Council also wanted to gather information about the operations of the museums, gather data for the Council and partners so that solutions could be found and support increased for museums. In addition, the aim was to provide information to relevant stakeholders, government agencies and other institutions.<\/p>\n<p>48 museums responded to the survey, 43 fully and 5 to some extent, but all participants&#039; responses were used. The results of the survey were compiled in a report that has now been published,\u00a0<a href=\"https:\/\/safnarad.is\/wp-content\/uploads\/2020\/09\/C19-sk%C3%BDrsla-LOK.pdf\" target=\"_blank\" rel=\"noopener noreferrer\">&quot;The impact of COVID-19 on museum work in Iceland&quot;<\/a>The authors of the report are Gu\u00f0n\u00fd D\u00f3ra Gestsd\u00f3ttir, Chair of ICOM in Iceland, Helga Maureen Gylfad\u00f3ttir, Chair of the Association of Icelandic Museums and Collectors, and \u00de\u00f3ra Bj\u00f6rk \u00d3lafsd\u00f3ttir, Director of the Museums Council.<\/p>\n<p>It is clear that the impact is felt widely, income from foreign tourists, which normally sustain the special income of many museums in Iceland, has almost completely declined, with foreign tourists accounting for about 621% of museum visitors. In addition to the decline in income, museums have had to deal with closures, changes in plans and working methods, and even staff reductions.<\/p>\n<p><a href=\"https:\/\/safnarad.is\/wp-content\/uploads\/2020\/09\/C19-sk\u00fdrsla-LOK.pdf\" class=\"pdfemb-viewer\" style=\"\" data-width=\"max\" data-height=\"max\" data-mobile-width=\"500\"  data-scrollbar=\"none\" data-download=\"on\" data-tracking=\"on\" data-newwindow=\"on\" data-pagetextbox=\"off\" data-scrolltotop=\"off\" data-startzoom=\"100\" data-startfpzoom=\"100\" data-toolbar=\"bottom\" data-toolbar-fixed=\"on\">C19-report-END<br\/><\/a><\/p>\n<p>\t\t<\/div>\n\n\t\t<\/p>\n<p>\n\t\t\t\t\t<h3 role=\"button\" id=\"accordion-2-t2\" class=\"accordion-title js-accordion-controller\" aria-controls=\"accordion-2-c2\" aria-expanded=\"false\" tabindex=\"0\">\n\t\t\t\tDigital Media of Museums for Educational Purposes 2018\t\t\t<\/h3>\n\t\t\n\t\t<div id=\"accordion-2-c2\" class=\"accordion-content\" aria-hidden=\"true\">\n\t\t\t<\/p>\n<h4>Report on Digital Media in Museums<\/h4>\n<p>In 2018, an expert group commissioned by the Council of Museums worked on a special project for the council on the educational role of museums, with a focus on digital media in museums, how digital media is used in education, and what the role of digital media in museums should be.<\/p>\n<p>The Council considered it necessary to review the status of these matters at accredited museums, partly due to developments in this field abroad. The discussion and policy development regarding the use of digital technology in communication is further along in our neighboring countries, and the Museum Council believes it is important both to learn from and to participate in this discussion.<\/p>\n<p>The expert group was appointed, consisting of \u00de\u00f3ra Sigurbj\u00f6rnsd\u00f3ttir (editor of the expert group), a teacher and curator at the Design Museum of Iceland, Dr. Anna L\u00edsa R\u00fanarsd\u00f3ttir, director at the National Museum of Iceland, \u00c1g\u00fasta Krist\u00f3fersd\u00f3ttir, museum curator and director of Hafnarborg, Tryggvi Thayer, project manager at the Faculty of Education, University of Iceland, S\u00f3lr\u00fan Har\u00f0ard\u00f3ttir, teacher, nominated by the National Museum of Iceland, and \u00de\u00f3ra Bj\u00f6rk \u00d3lafsd\u00f3ttir, executive director of the Museum Council.<\/p>\n<p>The report presents the main findings of a survey sent to accredited museums in March 2018. It briefly reviews issues that affect digital museum education and the dissemination of collections. It also discusses copyright laws in relation to online image publishing, the state of technology in primary schools, and the relationship with the National Curriculum for schools. It also mentions examples of how these issues are handled abroad, for example in the Nordic countries.<\/p>\n<p><a href=\"https:\/\/safnarad.is\/wp-content\/uploads\/2018\/10\/Stafr\u00e6nSk\u00fdrslaPrent\u00fatg\u00e1fa-1.pdf\" class=\"pdfemb-viewer\" style=\"\" data-width=\"max\" data-height=\"max\" data-mobile-width=\"500\"  data-scrollbar=\"none\" data-download=\"on\" data-tracking=\"on\" data-newwindow=\"on\" data-pagetextbox=\"off\" data-scrolltotop=\"off\" data-startzoom=\"100\" data-startfpzoom=\"100\" data-toolbar=\"bottom\" data-toolbar-fixed=\"on\">DigitalReportPrint version<br\/><\/a><\/p>\n<h4>Museum Council symposium on the educational role of museums and digital media<\/h4>\n<p>Following the publication of a report on the same subject, the Museum Council held a symposium at Safnah\u00fasi\u00f0 on Friday, October 26, from 2-5 PM, on the educational role of museums and how digital media can support it.<\/p>\n<p><a href=\"https:\/\/safnarad.is\/en\/frettir\/2018\/10\/malthing-safnarads-um-menntunarhlutverk-safna-og-stafraena-midlun\/merete-sanderhoff\/\" rel=\"attachment wp-att-1993\"><img loading=\"lazy\" decoding=\"async\" class=\"alignleft size-medium wp-image-1993\" src=\"https:\/\/safnarad.is\/wp-content\/uploads\/2018\/10\/Merete-Sanderhoff_Image-by_Kristina-Alexanderson_CCBYNCSA-200x300.jpg\" alt=\"\" width=\"200\" height=\"300\" srcset=\"https:\/\/safnarad.is\/wp-content\/uploads\/2018\/10\/Merete-Sanderhoff_Image-by_Kristina-Alexanderson_CCBYNCSA-200x300.jpg 200w, https:\/\/safnarad.is\/wp-content\/uploads\/2018\/10\/Merete-Sanderhoff_Image-by_Kristina-Alexanderson_CCBYNCSA-768x1151.jpg 768w, https:\/\/safnarad.is\/wp-content\/uploads\/2018\/10\/Merete-Sanderhoff_Image-by_Kristina-Alexanderson_CCBYNCSA-683x1024.jpg 683w, https:\/\/safnarad.is\/wp-content\/uploads\/2018\/10\/Merete-Sanderhoff_Image-by_Kristina-Alexanderson_CCBYNCSA-16x24.jpg 16w, https:\/\/safnarad.is\/wp-content\/uploads\/2018\/10\/Merete-Sanderhoff_Image-by_Kristina-Alexanderson_CCBYNCSA-24x36.jpg 24w, https:\/\/safnarad.is\/wp-content\/uploads\/2018\/10\/Merete-Sanderhoff_Image-by_Kristina-Alexanderson_CCBYNCSA-32x48.jpg 32w, https:\/\/safnarad.is\/wp-content\/uploads\/2018\/10\/Merete-Sanderhoff_Image-by_Kristina-Alexanderson_CCBYNCSA.jpg 1500w\" sizes=\"auto, (max-width: 200px) 100vw, 200px\" \/><\/a>The keynote speaker of the symposium was Merete Sanderhoff, who is the curator and head of digital media at SMK \u2013 Statens Museum for Kunst in Copenhagen, where she works for open access and reuse of digital cultural heritage. She is a popular speaker and moderator at international conferences on digital cultural heritage. She has also worked on open access in the GLAM* community, with the \"Sharing is Caring\" conferences she has developed. Merete has published extensively on digital use in museums, including the anthology *Sharing is Caring: Openness and Sharing in the Cultural Heritage Sector*. She is the chair of the Europeana Network Association and sits on the advisory board of OpenGLAM.<\/p>\n<p>Other speakers were Ingibj\u00f6rg Hannesd\u00f3ttir, Education Project Manager at the Reykjav\u00edk Art Museum; Vala Gunnarsd\u00f3ttir, Head of Sarp; Anna Mar\u00eda \u00deorkelsd\u00f3ttir, teacher and project manager; and Tryggvi Thayer, project manager of MenntaMi\u00f0ja at the Faculty of Education, University of Iceland.<\/p>\n<p>The program was streamed live on the council's Facebook page, and there is a direct link to the symposium. <a href=\"https:\/\/www.facebook.com\/Safnarad\/videos\/2004419692998829\/?active_tab=discussion\" target=\"_blank\" rel=\"noopener noreferrer\">for a break here<\/a> and <a href=\"https:\/\/www.facebook.com\/Safnarad\/videos\/160686381551483\/\" target=\"_blank\" rel=\"noopener noreferrer\">after a break here<\/a>.<\/p>\n<p style=\"padding-left: 30px;\">AGENDA:<br \/>\n2:00 PM Opening and introduction<br \/>\n14:10 Merete Sanderhoff \u2013 What is the social impact of digitizing museums?<br \/>\n3:00 PM Coffee break (The Maritime Museum of Reykjav\u00edk introduced the use of virtual reality goggles at the exhibition Melckmeyt 1659 \u2013 an underwater archaeological investigation.)<br \/>\n15:20 Vala Gunnarsd\u00f3ttir \u2013 Sarpur.is and its use for education<br \/>\n15:40 Ingibj\u00f6rg Hannesd\u00f3ttir \u2013 Communicating Cultural Heritage in the Language of Technology<br \/>\n15:55 Anna Mar\u00eda \u00deorkelsd\u00f3ttir \u2013 Genius Workshops \u2013 21st-century skills and creativity in elementary schools<br \/>\n16:35 Tryggvi Thayer \u2013 In Tune with What Time? Looking Ahead in Education and Training<br \/>\n5:00 PM Light refreshments<\/p>\n<p style=\"padding-left: 30px; text-align: right;\">*Galleries, Libraries, Archives and Museums<\/p>\n<p>\t\tThe Icelandic to English\n\n\t\t<\/p>\n<p>\n\t\t\t\t\t<h3 role=\"button\" id=\"accordion-2-t3\" class=\"accordion-title js-accordion-controller\" aria-controls=\"accordion-2-c3\" aria-expanded=\"false\" tabindex=\"0\">\n\t\t\t\tMuseums and Tourism 2015\u20132017\t\t\t<\/h3>\n\t\t\n\t\t<div id=\"accordion-2-c3\" class=\"accordion-content\" aria-hidden=\"true\">\n\t\t\t<\/p>\n<p>A study conducted by the Research Center in Museum Studies at the University of Iceland and the Economic Institute of the University of Iceland.<\/p>\n<p>The Centre for Museum Studies at the University of Iceland and the Economic Institute of the University of Iceland, at the request of the Museum Council, conducted a study on the interaction between museums and tourism during the year and submitted a report with the study's findings. The main objective of the study was to analyze the status and economic impact of cultural tourism, with a focus on museums and museum-related activities, and to conduct surveys of stakeholders in the museum and tourism sectors. The report examines three factors: the interplay between museums and tourism in public data, the economic contribution of museums and museum-related activities, and finally, the attitudes of stakeholders (cultural representatives, marketing agencies, tourism industry players, and the museum sector).. The study sheds light on the current state and opportunities for further development in the field of museums and tourism. It also highlights key factors that are important for the successful implementation of museum-related activities in relation to tourism and points to a lack of knowledge and understanding among stakeholders. The report presents recommendations for ways to further develop the interaction between museums and tourism in the coming years.<\/p>\n<p>The main findings of the study are that there is a significant lack of specifically considering museums and museum-related activities in public policymaking as important participants in tourism. Findings from the Economic Institute indicate that the size of the museum sector has increased in recent years; for example, museum attendance has increased by 90% since 1996. Government grants to so-called tourist museums exceed one billion kr\u00f3nur per year but have decreased in real terms in recent years. Four attitude surveys conducted among cultural representatives, tourism boards, tour operators, museums, and museum-related activities indicate that while museums are considered an important part of the tourism industry, their role and standing within the sector appear to be weak. Tourism operators do not seem to utilize the diversity of Icelandic museums, instead directing their visits to a few select institutions. Additionally, museums can improve various aspects of their operations to better accommodate the growing influx of tourists. Although significant work has been done in the fields of tourism and museums in recent years, there is a lack of a foundation and a comprehensive overview among the parties involved in integrating the two sectors.<\/p>\n<p>The research is specifically intended to benefit the following parties:<\/p>\n<ul>\n<li>Museum Council<\/li>\n<li>Public bodies such as ministries and local governments<\/li>\n<li>Tourism organizations such as the Icelandic Tourist Board and the Icelandic Tourism Administration<\/li>\n<li>Tourism stakeholder organizations, such as the Icelandic Tourist Board (SAF) and the Icelandic Tourist Board<\/li>\n<li>Iceland Office and regional marketing offices<\/li>\n<li>Museums and museum-related activities (museum guides, exhibitions and installations)<\/li>\n<li>Cultural and museum organizations<\/li>\n<li>Tourism stakeholders such as tour operators and guides<\/li>\n<li>Educational institutions and students<\/li>\n<li>The report \"Museums and Tourism,\" prepared by the Research Center for Museum Studies at the University of Iceland and the Economic Institute of the University of Iceland in 2015.<\/li>\n<\/ul>\n<p><a href=\"https:\/\/safnarad.is\/wp-content\/uploads\/2019\/03\/SkyrslaSofnOgFerdathjonustaOkt2015.pdf\" class=\"pdfemb-viewer\" style=\"\" data-width=\"max\" data-height=\"max\" data-mobile-width=\"500\"  data-scrollbar=\"none\" data-download=\"on\" data-tracking=\"on\" data-newwindow=\"on\" data-pagetextbox=\"off\" data-scrolltotop=\"off\" data-startzoom=\"100\" data-startfpzoom=\"100\" data-toolbar=\"bottom\" data-toolbar-fixed=\"on\">ReportSleepAndTravelServicesOct2015<br\/><\/a><\/p>\n<p>\t\tThe Icelandic to English\n\n\t\t<\/p>\n<p>\n\t\t\t\t\t<h3 role=\"button\" id=\"accordion-2-t4\" class=\"accordion-title js-accordion-controller\" aria-controls=\"accordion-2-c4\" aria-expanded=\"false\" tabindex=\"0\">\n\t\t\t\tSymposium on Museums and Tourism 2016\t\t\t<\/h3>\n\t\t\n\t\t<div id=\"accordion-2-c4\" class=\"accordion-content\" aria-hidden=\"true\">\n\t\t\t<\/p>\n<p class=\"p3\">Following a report on museums and tourism, a working group on the interaction between museums and tourism was established, its members were:<\/p>\n<ul>\n<li class=\"li2\"><span class=\"s1\">Kristjana R\u00f3s Gu\u00f0johnsen, Project Manager in Tourism and Creative Industries at \u00cdslandsstofa <\/span><\/li>\n<li class=\"li2\"><span class=\"s1\">Magn\u00fas Karel Hannesson, Director of the Operations and Publications Department of the Association of Icelandic Municipalities<\/span><\/li>\n<li class=\"li2\"><span class=\"s1\">Sif J\u00f3hannesd\u00f3ttir, Director of the Cultural Center of \u00deingeyjar<\/span><\/li>\n<li class=\"li2\"><span class=\"s1\">Th\u00f3ra Bj\u00f6rk \u00d3lafsd\u00f3ttir, Executive Director of the Collection Council<\/span><\/li>\n<\/ul>\n<p class=\"p4\"><span class=\"s1\">The Council of Museums, \u00cdslandstofa, and the Association of Icelandic Municipalities organized a symposium on museums and tourism at the National Museum on November 18, 2016, where the role and status of museums and related activities in Icelandic tourism were discussed. The symposium was sponsored by the National Museum of Iceland.<br \/>\n<\/span><\/p>\n<p class=\"p5\"><span class=\"s2\">A recording of the panel discussion can be viewed. <a href=\"http:\/\/www.youtube.com\/watch?v=Pi17deUCMg8\">here<\/a>.<\/span><\/p>\n<h4>Report on a symposium about museums and tourism<\/h4>\n<p>The secretary of the symposium was Sigurlaug Dagsd\u00f3ttir, an ethnologist, master's student in museology, and part-time lecturer at the University of Iceland. She also worked on writing a report about the symposium, which was published in March 2017. The report can be found. <a href=\"http:\/\/safnarad.is\/wp-content\/uploads\/2018\/03\/Sk\u00fdrslaM\u00e1l\u00feing-safnar\u00e1\u00f0s-um-s\u00f6fn-og-fer\u00f0a\u00fej\u00f3nustuMar17.pdf\" target=\"_blank\" rel=\"noopener noreferrer\">here<\/a>.<\/p>\n<p>\t\tThe Icelandic to English\n\n\t\t<\/p>\n<p>\n\t\t\t\t\t<h3 role=\"button\" id=\"accordion-2-t5\" class=\"accordion-title js-accordion-controller\" aria-controls=\"accordion-2-c5\" aria-expanded=\"false\" tabindex=\"0\">\n\t\t\t\tCollections Research 2013\u20132014\t\t\t<\/h3>\n\t\t\n\t\t<div id=\"accordion-2-c5\" class=\"accordion-content\" aria-hidden=\"true\">\n\t\t\t<\/p>\n<h4 class=\"p3\"><span class=\"s1\">2014 Council for Museums Report: Museums as Centers of Knowledge<\/span><\/h4>\n<p class=\"p2\"><span class=\"s1\">A survey of the scope and organization of research in Icelandic museum work. The report was prepared at the request of the Museum Council to examine the scope and organization of research in museum work in Iceland. It presents the results of a survey conducted among the directors of accredited museums, and also discusses research and knowledge creation in a broader context. <\/span><\/p>\n<p class=\"p2\"><span class=\"s1\">The goal of the collection council is to better support this area of work and create a platform for critical discussion on research to advance the collections. The findings will be used by the Council of Museums to shape a vision for the field, as well as to highlight the importance and raise awareness of this function as one of the cornerstones of museum work. <\/span><\/p>\n<p class=\"p2\"><span class=\"s1\">The author of the report is \u00d3l\u00f6f Ger\u00f0ur Sigf\u00fasd\u00f3ttir, an anthropologist and doctoral student in museum studies at the University of Iceland, director of research services at LH\u00cd. See the report.<\/span><span class=\"s1\">\u00a0<a href=\"\/wp-content\/uploads\/2017\/07\/Safnarannsoknir_skyrsla2014_OGS.pdf\">here<\/a>.<\/span><\/p>\n<p>&nbsp;<\/p>\n<h4>Symposium on Museum Research 2014<\/h4>\n<p class=\"p5\"><span class=\"s1\">A symposium on museum research was held\u00a0<\/span><span style=\"font-size: 1.1em;\">at the National Museum\u00a0<\/span><span style=\"font-size: 1.1em;\">November 6, 2014. The focus was on the role of research in the work of museums and on the contribution of museums to enhancing understanding of the development and status of culture, art, nature, and science through their research and its dissemination.\u00a0<\/span><\/p>\n<p class=\"p5\"><span class=\"s1\">The characteristics of museum research and the academic community&#039;s expectations of museums as research institutions were examined.<\/span><\/p>\n<p class=\"p5\"><span class=\"s4\"><a href=\"https:\/\/www.youtube.com\/watch?v=l9x39PN-vng\">Olof Gerdur Sigfusdottir,<\/a><\/span><span class=\"s1\">\u00a0PhD student in Museology at the University of Iceland and Director of Research Services at the University of Iceland:\u00a0<b>Museums as knowledge centers: An investigation of the scope and organization of research in Icelandic museum work. <a href=\"\/wp-content\/uploads\/2017\/07\/Safnarannsoknir_skyrsla2014_OGS.pdf\">Report of the Board of Trustees <\/a><\/b><\/span>\u00a0<span class=\"s1\"><b>Presented. <\/b><\/span><\/p>\n<p class=\"p5\"><span class=\"s4\"><a href=\"https:\/\/www.youtube.com\/watch?v=F6Eul6AQemU\">Sophie Brown<\/a>, <\/span><span class=\"s1\">an expert from the Danish Agency for Culture in Copenhagen:\u00a0<b>On the status of research in museums in Denmark<\/b><\/span><\/p>\n<p class=\"p5\"><span class=\"s4\"><a href=\"https:\/\/www.youtube.com\/watch?v=e1nynaOU83E\">Sigurdur Gylfi Magnusson<\/a>, <\/span><span class=\"s1\">Associate Professor of Cultural History at the Faculty of Humanities, University of Iceland, based at the National Museum:\u00a0<b>Time and passion \u2013 concepts in university and museum research<\/b><\/span><\/p>\n<p class=\"p5\"><span class=\"s4\"><a href=\"https:\/\/www.youtube.com\/watch?v=EFtKJRB8rRw\">Orri Vesteinsson<\/a>, <\/span><span class=\"s1\">Professor of Archaeology at the University of Iceland:\u00a0<b>Archaeological research and museums<\/b><\/span><\/p>\n<p class=\"p5\"><span class=\"s1\"><b>The value and role of research in museums<\/b><\/span><\/p>\n<ul>\n<li class=\"p5\"><span class=\"s1\"><a href=\"https:\/\/www.youtube.com\/watch?v=uRKfeWGIbRE\"><span class=\"s7\">Hilmar Malmquist<\/span><\/a>, director of the Icelandic Museum of Natural History<\/span><\/li>\n<li class=\"p5\"><span class=\"s1\"><a href=\"https:\/\/www.youtube.com\/watch?v=9H4iqM5hGhc\"><span class=\"s7\">Godny Zoega<\/span><\/a>, Head of the Department of Archaeology, Skagfjorden Regional Museum<\/span><\/li>\n<li class=\"p5\"><span class=\"s1\">Nathalie Jaqueminet, Curator at the National Museum of Iceland<\/span><\/li>\n<\/ul>\n<p class=\"p5\"><span class=\"s1\"><b>Research Collection and Dissemination<\/b><\/span><\/p>\n<ul>\n<li class=\"p5\"><span class=\"s1\">Harpa \u00de\u00f3rsd\u00f3ttir, Director of the Design Museum of Iceland<\/span><\/li>\n<li class=\"p5\"><span class=\"s1\">Katr\u00edn Gunnarsd\u00f3ttir, Hafnarfj\u00f6r\u00f0ur Museum of Local History<\/span><\/li>\n<\/ul>\n<p>\t\tThe Icelandic to English\n\n\t\t<\/p>\n<p>\n\t\t\t\t\t<h3 role=\"button\" id=\"accordion-2-t6\" class=\"accordion-title js-accordion-controller\" aria-controls=\"accordion-2-c6\" aria-expanded=\"false\" tabindex=\"0\">\n\t\t\t\tEducation for All 2007\t\t\t<\/h3>\n\t\t\n\t\t<div id=\"accordion-2-c6\" class=\"accordion-content\" aria-hidden=\"true\">\n\t\t\t<\/p>\n<h4>Education for All \u2013 The Educational Role of Museums. Status and Strategy 2007<\/h4>\n<p>On October 21, 2005, the museum council held a symposium on the educational role of museums with domestic and international speakers.<a href=\"https:\/\/safnarad.is\/wp-content\/uploads\/2025\/03\/2005_Malthing_safnarads_LI.pdf\">program<\/a>) The discussions at the symposium demonstrated the importance of working towards the targeted development of this aspect of museum work. Following the symposium, the Council of Museums began preparations for the planning and implementation of a comprehensive strategy on the educational role of museums in the fall of 2006, in collaboration with a broad group of museum professionals. The result of that work is the report <em>Education for all<\/em>\u00a0which was released in 2007.<\/p>\n<p><a href=\"http:\/\/safnarad.is\/wp-content\/uploads\/2018\/05\/Fraedslafyriralla-1hluti.pdf\" target=\"_blank\" rel=\"noopener noreferrer\">Education for All I<\/a><br \/>\n<a href=\"http:\/\/safnarad.is\/wp-content\/uploads\/2018\/05\/fraedslafyriralla-2hluti.pdf\" target=\"_blank\" rel=\"noopener noreferrer\">Education for All II<\/a><\/p>\n<p>\t\tThe Icelandic to English\n\n\t\t<\/p>\n<p>The Icelandic to English","protected":false},"excerpt":{"rendered":"","protected":false},"author":1,"featured_media":0,"parent":10,"menu_order":90,"comment_status":"closed","ping_status":"closed","template":"","meta":{"_acf_changed":false,"_exactmetrics_skip_tracking":false,"_exactmetrics_sitenote_active":false,"_exactmetrics_sitenote_note":"","_exactmetrics_sitenote_category":0,"footnotes":""},"class_list":["post-65","page","type-page","status-publish","hentry"],"acf":[],"_links":{"self":[{"href":"https:\/\/safnarad.is\/en\/wp-json\/wp\/v2\/pages\/65","targetHints":{"allow":["GET"]}}],"collection":[{"href":"https:\/\/safnarad.is\/en\/wp-json\/wp\/v2\/pages"}],"about":[{"href":"https:\/\/safnarad.is\/en\/wp-json\/wp\/v2\/types\/page"}],"author":[{"embeddable":true,"href":"https:\/\/safnarad.is\/en\/wp-json\/wp\/v2\/users\/1"}],"replies":[{"embeddable":true,"href":"https:\/\/safnarad.is\/en\/wp-json\/wp\/v2\/comments?post=65"}],"version-history":[{"count":41,"href":"https:\/\/safnarad.is\/en\/wp-json\/wp\/v2\/pages\/65\/revisions"}],"predecessor-version":[{"id":4476,"href":"https:\/\/safnarad.is\/en\/wp-json\/wp\/v2\/pages\/65\/revisions\/4476"}],"up":[{"embeddable":true,"href":"https:\/\/safnarad.is\/en\/wp-json\/wp\/v2\/pages\/10"}],"wp:attachment":[{"href":"https:\/\/safnarad.is\/en\/wp-json\/wp\/v2\/media?parent=65"}],"curies":[{"name":"wp","href":"https:\/\/api.w.org\/{rel}","templated":true}]}}