{"id":57,"date":"2017-06-29T15:04:18","date_gmt":"2017-06-29T15:04:18","guid":{"rendered":"http:\/\/vu2158.shelley.1984.is\/?page_id=57"},"modified":"2025-08-21T15:46:17","modified_gmt":"2025-08-21T15:46:17","slug":"framkvaemdastjori-og-skrifstofa","status":"publish","type":"page","link":"https:\/\/safnarad.is\/en\/um-safnarad\/framkvaemdastjori-og-skrifstofa\/","title":{"rendered":"Staff and office"},"content":{"rendered":"<div class=\"wp-block-columns is-layout-flex wp-container-core-columns-is-layout-9d6595d7 wp-block-columns-is-layout-flex\">\n<div class=\"wp-block-column is-layout-flow wp-block-column-is-layout-flow\" style=\"flex-basis:100%\">\n<p>&nbsp;<\/p>\n\n\n\n<h2 class=\"wp-block-heading\"><strong>Museum Board staff<\/strong><\/h2>\n<\/div>\n<\/div>\n\n\n\n<div class=\"wp-block-media-text is-stacked-on-mobile\" style=\"grid-template-columns:24% auto\"><figure class=\"wp-block-media-text__media\"><img loading=\"lazy\" decoding=\"async\" width=\"225\" height=\"300\" src=\"https:\/\/safnarad.is\/wp-content\/uploads\/2024\/03\/\u00deo\u0301ra-Bjo\u0308rk-O\u0301lafsdo\u0301ttir_tota73@gmail.com_-225x300.jpg\" alt=\"\" class=\"wp-image-3899 size-full\" srcset=\"https:\/\/safnarad.is\/wp-content\/uploads\/2024\/03\/\u00deo\u0301ra-Bjo\u0308rk-O\u0301lafsdo\u0301ttir_tota73@gmail.com_-225x300.jpg 225w, https:\/\/safnarad.is\/wp-content\/uploads\/2024\/03\/\u00deo\u0301ra-Bjo\u0308rk-O\u0301lafsdo\u0301ttir_tota73@gmail.com_-18x24.jpg 18w, https:\/\/safnarad.is\/wp-content\/uploads\/2024\/03\/\u00deo\u0301ra-Bjo\u0308rk-O\u0301lafsdo\u0301ttir_tota73@gmail.com_-27x36.jpg 27w, https:\/\/safnarad.is\/wp-content\/uploads\/2024\/03\/\u00deo\u0301ra-Bjo\u0308rk-O\u0301lafsdo\u0301ttir_tota73@gmail.com_-36x48.jpg 36w, https:\/\/safnarad.is\/wp-content\/uploads\/2024\/03\/\u00deo\u0301ra-Bjo\u0308rk-O\u0301lafsdo\u0301ttir_tota73@gmail.com_.jpg 600w\" sizes=\"auto, (max-width: 225px) 100vw, 225px\" \/><\/figure><div class=\"wp-block-media-text__content\">\n<div class=\"wp-block-buttons is-layout-flex wp-block-buttons-is-layout-flex\">\n<div class=\"wp-block-button\"><a class=\"wp-block-button__link wp-element-button\"><strong>Director of the Museum Council<\/strong><\/a><\/div>\n<\/div>\n\n\n\n<p><\/p>\n\n\n\n<p><\/p>\n\n\n\n<p><\/p>\n\n\n\n<p><\/p>\n\n\n\n<p class=\"has-text-align-left\"><strong>Thora Bjork Olafsdottir<\/strong>, BSc, MA.<br>Email: <a href=\"mailto:thora.bjork.olafsdottir@safnarad.is\">thora.bjork.olafsdottir@safnarad.is<\/a><\/p>\n<\/div><\/div>\n\n\n\n<p><img decoding=\"async\" src=\"https:\/\/safnarad.is\/wp-content\/uploads\/2024\/03\/\u00de\u00f3ra-Bj\u00f6rk-\u00d3lafsd\u00f3ttir_tota73@gmail.com_.jpg\" alt=\"\"><\/p>\n\n\n\n<div class=\"wp-block-media-text is-stacked-on-mobile\" style=\"grid-template-columns:25% auto\"><figure class=\"wp-block-media-text__media\"><img loading=\"lazy\" decoding=\"async\" width=\"421\" height=\"540\" src=\"https:\/\/safnarad.is\/wp-content\/uploads\/2024\/08\/Screenshot-2024-03-21-141151.png\" alt=\"\" class=\"wp-image-4058 size-full\" srcset=\"https:\/\/safnarad.is\/wp-content\/uploads\/2024\/08\/Screenshot-2024-03-21-141151.png 421w, https:\/\/safnarad.is\/wp-content\/uploads\/2024\/08\/Screenshot-2024-03-21-141151-234x300.png 234w, https:\/\/safnarad.is\/wp-content\/uploads\/2024\/08\/Screenshot-2024-03-21-141151-19x24.png 19w, https:\/\/safnarad.is\/wp-content\/uploads\/2024\/08\/Screenshot-2024-03-21-141151-28x36.png 28w, https:\/\/safnarad.is\/wp-content\/uploads\/2024\/08\/Screenshot-2024-03-21-141151-37x48.png 37w\" sizes=\"auto, (max-width: 421px) 100vw, 421px\" \/><\/figure><div class=\"wp-block-media-text__content\">\n<div class=\"wp-block-buttons is-layout-flex wp-block-buttons-is-layout-flex\">\n<div class=\"wp-block-button\"><a class=\"wp-block-button__link wp-element-button\"><strong>Specialist at the Museum Council Office<\/strong><\/a><\/div>\n<\/div>\n\n\n\n<p><\/p>\n\n\n\n<p><\/p>\n\n\n\n<p><\/p>\n\n\n\n<p><\/p>\n\n\n\n<p><strong>Klara Thorhallsdottir<\/strong>, BA, PgDip.<br>Email: <a href=\"mailto:klara@safnarad.is\">klara.thorhallsdottir@safnarad.is<\/a><\/p>\n<\/div><\/div>\n\n\n\n<h3 class=\"wp-block-heading\">\u00a0<\/h3>\n\n\n\n<h2 class=\"wp-block-heading\"><strong>Museum Council Office<\/strong><\/h2>\n\n\n\n<p>Austurstr\u00e6ti 5, 4th floor<br>101 Reykjavik<br>Phone: 534 2234<br>Mobile: 820 5450<\/p>\n\n\n\n<p class=\"p2\"><span class=\"s5\"><a href=\"https:\/\/safnarad.is\/en\/um-safnarad\/?CacheRefresh=1\">www.safnarad.is<\/a><\/span><span class=\"s6\"><br><a href=\"mailto:safnarad@safnarad.is\"><span class=\"s7\">safnarad@safnarad.is<\/span><\/a><\/span><\/p>\n\n\n\n<p><a href=\"https:\/\/facebook.com\/safnarad\" target=\"_blank\" rel=\"noopener noreferrer\"><i class=\"fa fa-facebook-official\" aria-hidden=\"true\"><\/i> Museum Council on Facebook<\/a><\/p>\n\n\n\n<p><iframe loading=\"lazy\" src=\"https:\/\/ja.is\/webapi\/kort\/?x=357130&amp;y=408180&amp;z=10&amp;layer=map&amp;q=hashid%3Ax8XZx\" width=\"640px\" height=\"400px\" frameborder=\"0\"><\/iframe><\/p>","protected":false},"excerpt":{"rendered":"<p>&nbsp; Starfsf\u00f3lk safnar\u00e1\u00f0s \u00a0 Skrifstofa safnar\u00e1\u00f0s Austurstr\u00e6ti 5, 4. h\u00e6\u00f0101 Reykjav\u00edkS\u00edmi: 534 2234Fars\u00edmi: 820 5450 www.safnarad.issafnarad@safnarad.is Safnar\u00e1\u00f0 \u00e1 Facebook<\/p>","protected":false},"author":1,"featured_media":0,"parent":10,"menu_order":20,"comment_status":"closed","ping_status":"closed","template":"","meta":{"_acf_changed":false,"_exactmetrics_skip_tracking":false,"_exactmetrics_sitenote_active":false,"_exactmetrics_sitenote_note":"","_exactmetrics_sitenote_category":0,"footnotes":""},"class_list":["post-57","page","type-page","status-publish","hentry"],"acf":[],"_links":{"self":[{"href":"https:\/\/safnarad.is\/en\/wp-json\/wp\/v2\/pages\/57","targetHints":{"allow":["GET"]}}],"collection":[{"href":"https:\/\/safnarad.is\/en\/wp-json\/wp\/v2\/pages"}],"about":[{"href":"https:\/\/safnarad.is\/en\/wp-json\/wp\/v2\/types\/page"}],"author":[{"embeddable":true,"href":"https:\/\/safnarad.is\/en\/wp-json\/wp\/v2\/users\/1"}],"replies":[{"embeddable":true,"href":"https:\/\/safnarad.is\/en\/wp-json\/wp\/v2\/comments?post=57"}],"version-history":[{"count":26,"href":"https:\/\/safnarad.is\/en\/wp-json\/wp\/v2\/pages\/57\/revisions"}],"predecessor-version":[{"id":4818,"href":"https:\/\/safnarad.is\/en\/wp-json\/wp\/v2\/pages\/57\/revisions\/4818"}],"up":[{"embeddable":true,"href":"https:\/\/safnarad.is\/en\/wp-json\/wp\/v2\/pages\/10"}],"wp:attachment":[{"href":"https:\/\/safnarad.is\/en\/wp-json\/wp\/v2\/media?parent=57"}],"curies":[{"name":"wp","href":"https:\/\/api.w.org\/{rel}","templated":true}]}}