{"id":55,"date":"2021-02-12T10:00:52","date_gmt":"2021-02-12T10:00:52","guid":{"rendered":"http:\/\/vu2158.shelley.1984.is\/?page_id=55"},"modified":"2025-11-19T12:00:02","modified_gmt":"2025-11-19T12:00:02","slug":"radsmenn","status":"publish","type":"page","link":"https:\/\/safnarad.is\/en\/um-safnarad\/radsmenn\/","title":{"rendered":"Councillors"},"content":{"rendered":"<p class=\"p1\"><span class=\"s1\">Board of Trustees appointed from February 1, 2025 to January 31, 2029<\/span><\/p>\n\n\n\n<h3 class=\"wp-block-heading p2\"><span class=\"s1\">General representatives<\/span><\/h3>\n\n\n\n<ul class=\"wp-block-list\">\n<li><span class=\"s1\">Vilhj\u00e1lmur Bjarnason, chairman, appointed without nomination<\/span><\/li>\n\n\n\n<li><span class=\"s1\">Gunnhildur \u00c1sta Gu\u00f0mundsd\u00f3ttir Vice Chair, appointed without nomination<\/span><\/li>\n\n\n\n<li><span class=\"s6\">Gu\u00f0r\u00fan Dr\u00f6fn Whitehead, nominated by <a href=\"https:\/\/icom.is\/\">ICOM Iceland, International Council of Museums<\/a><\/span><\/li>\n\n\n\n<li><span class=\"s6\">Hlynur Hallsson, nominated by <a href=\"http:\/\/www.safnmenn.is\/\" target=\"_blank\" rel=\"noopener noreferrer\"><span class=\"s7\">Association of Icelandic Museums and Collectors&nbsp;<\/span><\/a><\/span><\/li>\n\n\n\n<li><span class=\"s5\">J\u00f3hanna Erla P\u00e1lmad\u00f3ttir, <\/span><span class=\"s6\">nominated by&nbsp;<a href=\"http:\/\/www.samband.is\/\" target=\"_blank\" rel=\"noopener noreferrer\"><span class=\"s7\">Association of Icelandic Local Authorities<\/span><\/a><br><\/span><\/li>\n<\/ul>\n\n\n\n<h3 class=\"wp-block-heading\">Deputy representatives<\/h3>\n\n\n\n<ul class=\"wp-block-list\">\n<li>Valborg Sn\u00e6varr, appointed without nomination<\/li>\n\n\n\n<li>Svanhv\u00edt Fri\u00f0riksd\u00f3ttir, appointed without nomination<\/li>\n\n\n\n<li>H\u00f3lmar H\u00f3lm, nominated by the Icelandic chapter of ICOM, the International Council of Museums<\/li>\n\n\n\n<li>Th\u00f3ra Sigurbj\u00f6rnsd\u00f3ttir, nominated by the Association of Icelandic Museums and Museum Professionals<\/li>\n\n\n\n<li>Sigurj\u00f3n Andr\u00e9sson, nominated by <span class=\"s6\"><a href=\"http:\/\/www.samband.is\/\" target=\"_blank\" rel=\"noopener noreferrer\"><span class=\"s7\">Association of Icelandic Local Authorities<\/span><\/a><\/span><\/li>\n<\/ul>\n\n\n\n<p class=\"p3\"><span class=\"s1\"><br><strong>The directors of the main museums also attend meetings of the museum council in their position due to<\/strong><\/span><\/p>\n\n\n\n<ul class=\"wp-block-list\">\n<li><span class=\"s1\">Ingibj\u00f6rg J\u00f3hannsd\u00f3ttir, <a href=\"http:\/\/www.listasafn.is\/\">National Gallery of Iceland<\/a><\/span><\/li>\n\n\n\n<li><span class=\"s1\">Hilmar Malmquist, <a href=\"http:\/\/nmsi.is\/\">Icelandic Museum of Natural History<\/a><\/span><\/li>\n\n\n\n<li><span class=\"s1\">Harpa Thorsdottir, <a href=\"http:\/\/www.thjodminjasafn.is\/\">National Museum of Iceland<\/a><\/span><\/li>\n<\/ul>","protected":false},"excerpt":{"rendered":"<p>Safnar\u00e1\u00f0 skipa\u00f0 fr\u00e1 1. febr\u00faar 2025 til 31. jan\u00faar 2029 A\u00f0alfulltr\u00faar Varafulltr\u00faar Forst\u00f6\u00f0umenn h\u00f6fu\u00f0safna sitja einnig fundi safnar\u00e1\u00f0s st\u00f6\u00f0u sinnar vegna<\/p>","protected":false},"author":1,"featured_media":0,"parent":10,"menu_order":10,"comment_status":"closed","ping_status":"closed","template":"","meta":{"_acf_changed":false,"_exactmetrics_skip_tracking":false,"_exactmetrics_sitenote_active":false,"_exactmetrics_sitenote_note":"","_exactmetrics_sitenote_category":0,"footnotes":""},"class_list":["post-55","page","type-page","status-publish","hentry"],"acf":[],"_links":{"self":[{"href":"https:\/\/safnarad.is\/en\/wp-json\/wp\/v2\/pages\/55","targetHints":{"allow":["GET"]}}],"collection":[{"href":"https:\/\/safnarad.is\/en\/wp-json\/wp\/v2\/pages"}],"about":[{"href":"https:\/\/safnarad.is\/en\/wp-json\/wp\/v2\/types\/page"}],"author":[{"embeddable":true,"href":"https:\/\/safnarad.is\/en\/wp-json\/wp\/v2\/users\/1"}],"replies":[{"embeddable":true,"href":"https:\/\/safnarad.is\/en\/wp-json\/wp\/v2\/comments?post=55"}],"version-history":[{"count":12,"href":"https:\/\/safnarad.is\/en\/wp-json\/wp\/v2\/pages\/55\/revisions"}],"predecessor-version":[{"id":5115,"href":"https:\/\/safnarad.is\/en\/wp-json\/wp\/v2\/pages\/55\/revisions\/5115"}],"up":[{"embeddable":true,"href":"https:\/\/safnarad.is\/en\/wp-json\/wp\/v2\/pages\/10"}],"wp:attachment":[{"href":"https:\/\/safnarad.is\/en\/wp-json\/wp\/v2\/media?parent=55"}],"curies":[{"name":"wp","href":"https:\/\/api.w.org\/{rel}","templated":true}]}}