{"id":4806,"date":"2025-08-21T14:43:07","date_gmt":"2025-08-21T14:43:07","guid":{"rendered":"https:\/\/safnarad.is\/?page_id=4806"},"modified":"2025-08-21T17:02:38","modified_gmt":"2025-08-21T17:02:38","slug":"handbok-fyrirbyggjandi-forvarsla-textilverka","status":"publish","type":"page","link":"https:\/\/safnarad.is\/en\/leidbeiningar\/handbok-fyrirbyggjandi-forvarsla-textilverka\/","title":{"rendered":"Handbook \u2013 Preventive preservation of textile works"},"content":{"rendered":"<div class=\"wp-block-image\">\n<figure class=\"alignleft size-full is-resized\"><a href=\"https:\/\/safnarad.is\/wp-content\/uploads\/2022\/11\/fyrirbyggjandi-forvarsla-textilverka.pdf\" target=\"_blank\" rel=\" noreferrer noopener\"><img loading=\"lazy\" decoding=\"async\" width=\"452\" height=\"602\" src=\"https:\/\/safnarad.is\/wp-content\/uploads\/2025\/08\/Skjamynd-2025-08-21-143635.jpg\" alt=\"\" class=\"wp-image-4809\" style=\"width:255px;height:auto\" srcset=\"https:\/\/safnarad.is\/wp-content\/uploads\/2025\/08\/Skjamynd-2025-08-21-143635.jpg 452w, https:\/\/safnarad.is\/wp-content\/uploads\/2025\/08\/Skjamynd-2025-08-21-143635-225x300.jpg 225w, https:\/\/safnarad.is\/wp-content\/uploads\/2025\/08\/Skjamynd-2025-08-21-143635-9x12.jpg 9w, https:\/\/safnarad.is\/wp-content\/uploads\/2025\/08\/Skjamynd-2025-08-21-143635-18x24.jpg 18w, https:\/\/safnarad.is\/wp-content\/uploads\/2025\/08\/Skjamynd-2025-08-21-143635-27x36.jpg 27w, https:\/\/safnarad.is\/wp-content\/uploads\/2025\/08\/Skjamynd-2025-08-21-143635-36x48.jpg 36w\" sizes=\"auto, (max-width: 452px) 100vw, 452px\" \/><\/a><\/figure><\/div>\n\n\n<p>In November 2022, a handbook on \u201ePreventive Conservation of Textile Works\u201c by conservator \u00de\u00f3rd\u00eds Anna Baldursd\u00f3ttir was published. The project received a grant from the 2020 main allocation of the Museum Fund.<\/p>\n\n\n\n<p>The manual covers, among other things, the registration, condition monitoring, weaknesses in materials and techniques, handling, packing and finishing, freezing, cleaning, installation, environment, and treatment of textiles in an emergency. Examples are provided of the packaging and installation of textile works, where conditions in storage and exhibition spaces had to be taken into account.<\/p>","protected":false},"excerpt":{"rendered":"<p>In November 2022, a handbook on \u201ePreventive Conservation of Textile Works\u201c by conservator \u00de\u00f3rd\u00eds Anna Baldursd\u00f3ttir was published. The project received a grant from the 2020 main allocation of the Museum Fund. The handbook covers topics such as documentation, condition monitoring, material and technical weaknesses, handling, packing and presentation, freezing, cleaning, installation, environment, and the treatment of textiles in an emergency. Examples of the packing and installation of textile works are included, \u2026<\/p>","protected":false},"author":4,"featured_media":0,"parent":4768,"menu_order":20,"comment_status":"closed","ping_status":"closed","template":"","meta":{"_acf_changed":false,"_exactmetrics_skip_tracking":false,"_exactmetrics_sitenote_active":false,"_exactmetrics_sitenote_note":"","_exactmetrics_sitenote_category":0,"footnotes":""},"class_list":["post-4806","page","type-page","status-publish","hentry"],"acf":[],"_links":{"self":[{"href":"https:\/\/safnarad.is\/en\/wp-json\/wp\/v2\/pages\/4806","targetHints":{"allow":["GET"]}}],"collection":[{"href":"https:\/\/safnarad.is\/en\/wp-json\/wp\/v2\/pages"}],"about":[{"href":"https:\/\/safnarad.is\/en\/wp-json\/wp\/v2\/types\/page"}],"author":[{"embeddable":true,"href":"https:\/\/safnarad.is\/en\/wp-json\/wp\/v2\/users\/4"}],"replies":[{"embeddable":true,"href":"https:\/\/safnarad.is\/en\/wp-json\/wp\/v2\/comments?post=4806"}],"version-history":[{"count":3,"href":"https:\/\/safnarad.is\/en\/wp-json\/wp\/v2\/pages\/4806\/revisions"}],"predecessor-version":[{"id":4814,"href":"https:\/\/safnarad.is\/en\/wp-json\/wp\/v2\/pages\/4806\/revisions\/4814"}],"up":[{"embeddable":true,"href":"https:\/\/safnarad.is\/en\/wp-json\/wp\/v2\/pages\/4768"}],"wp:attachment":[{"href":"https:\/\/safnarad.is\/en\/wp-json\/wp\/v2\/media?parent=4806"}],"curies":[{"name":"wp","href":"https:\/\/api.w.org\/{rel}","templated":true}]}}