{"id":4797,"date":"2025-08-20T14:35:17","date_gmt":"2025-08-20T14:35:17","guid":{"rendered":"https:\/\/safnarad.is\/?page_id=4797"},"modified":"2025-10-13T14:21:05","modified_gmt":"2025-10-13T14:21:05","slug":"handbok-syning-pokkun-og-geymsla-textila-a-sofnum","status":"publish","type":"page","link":"https:\/\/safnarad.is\/en\/leidbeiningar\/handbok-syning-pokkun-og-geymsla-textila-a-sofnum\/","title":{"rendered":"Handbook \u2013 Exhibition, packaging and storage of textiles in museums"},"content":{"rendered":"<p>A Handbook on Textile Handling by \u00de\u00f3rd\u00eds Baldursd\u00f3ttir, curator, was published in 2015 and is a good guide to packaging, displaying and storing textiles.<br>\u00de\u00f3rd\u00eds received a grant from the museum fund in 2013 and 2014 to prepare the handbook.<\/p>\n\n\n\n<p>You can download the manual by clicking&nbsp;<a href=\"https:\/\/safnarad.is\/wp-content\/uploads\/2018\/04\/S\u00fdning-p\u00f6kkun-og-geymsla-text\u00edla-\u00e1-s\u00f6fnum.pdf\" target=\"_blank\" rel=\"noreferrer noopener\">here<\/a>.<\/p>\n\n\n\n<figure class=\"wp-block-image size-full is-resized\"><a href=\"https:\/\/safnarad.is\/wp-content\/uploads\/2018\/04\/S\u00fdning-p\u00f6kkun-og-geymsla-text\u00edla-\u00e1-s\u00f6fnum.pdf\"><img loading=\"lazy\" decoding=\"async\" width=\"814\" height=\"1009\" src=\"https:\/\/safnarad.is\/wp-content\/uploads\/2025\/10\/syning-pokkun-og-geymsla-forsida.jpg\" alt=\"\" class=\"wp-image-4958\" style=\"width:423px;height:auto\" srcset=\"https:\/\/safnarad.is\/wp-content\/uploads\/2025\/10\/syning-pokkun-og-geymsla-forsida.jpg 814w, https:\/\/safnarad.is\/wp-content\/uploads\/2025\/10\/syning-pokkun-og-geymsla-forsida-242x300.jpg 242w, https:\/\/safnarad.is\/wp-content\/uploads\/2025\/10\/syning-pokkun-og-geymsla-forsida-768x952.jpg 768w, https:\/\/safnarad.is\/wp-content\/uploads\/2025\/10\/syning-pokkun-og-geymsla-forsida-10x12.jpg 10w, https:\/\/safnarad.is\/wp-content\/uploads\/2025\/10\/syning-pokkun-og-geymsla-forsida-19x24.jpg 19w, https:\/\/safnarad.is\/wp-content\/uploads\/2025\/10\/syning-pokkun-og-geymsla-forsida-29x36.jpg 29w, https:\/\/safnarad.is\/wp-content\/uploads\/2025\/10\/syning-pokkun-og-geymsla-forsida-39x48.jpg 39w\" sizes=\"auto, (max-width: 814px) 100vw, 814px\" \/><\/a><\/figure>","protected":false},"excerpt":{"rendered":"<p>Handb\u00f3k um me\u00f0h\u00f6ndlun text\u00edla eftir \u00de\u00f3rd\u00edsi Baldursd\u00f3ttur forv\u00f6r\u00f0 kom \u00fat \u00e1ri\u00f0 2015 og er handb\u00f3kin gott lei\u00f0beiningarit um p\u00f6kkun, s\u00fdningu og geymslu text\u00edla.F\u00e9kk \u00de\u00f3rd\u00eds styrk \u00far safnasj\u00f3\u00f0i 2013 og 2014 til a\u00f0 \u00fatb\u00faa handb\u00f3kina. H\u00e6gt er a\u00f0 hla\u00f0a ni\u00f0ur handb\u00f3kinni me\u00f0 \u00fev\u00ed a\u00f0 smella&nbsp;h\u00e9r.<\/p>","protected":false},"author":4,"featured_media":0,"parent":4768,"menu_order":1,"comment_status":"closed","ping_status":"closed","template":"","meta":{"_acf_changed":false,"_exactmetrics_skip_tracking":false,"_exactmetrics_sitenote_active":false,"_exactmetrics_sitenote_note":"","_exactmetrics_sitenote_category":0,"footnotes":""},"class_list":["post-4797","page","type-page","status-publish","hentry"],"acf":[],"_links":{"self":[{"href":"https:\/\/safnarad.is\/en\/wp-json\/wp\/v2\/pages\/4797","targetHints":{"allow":["GET"]}}],"collection":[{"href":"https:\/\/safnarad.is\/en\/wp-json\/wp\/v2\/pages"}],"about":[{"href":"https:\/\/safnarad.is\/en\/wp-json\/wp\/v2\/types\/page"}],"author":[{"embeddable":true,"href":"https:\/\/safnarad.is\/en\/wp-json\/wp\/v2\/users\/4"}],"replies":[{"embeddable":true,"href":"https:\/\/safnarad.is\/en\/wp-json\/wp\/v2\/comments?post=4797"}],"version-history":[{"count":3,"href":"https:\/\/safnarad.is\/en\/wp-json\/wp\/v2\/pages\/4797\/revisions"}],"predecessor-version":[{"id":4961,"href":"https:\/\/safnarad.is\/en\/wp-json\/wp\/v2\/pages\/4797\/revisions\/4961"}],"up":[{"embeddable":true,"href":"https:\/\/safnarad.is\/en\/wp-json\/wp\/v2\/pages\/4768"}],"wp:attachment":[{"href":"https:\/\/safnarad.is\/en\/wp-json\/wp\/v2\/media?parent=4797"}],"curies":[{"name":"wp","href":"https:\/\/api.w.org\/{rel}","templated":true}]}}