{"id":4768,"date":"2025-08-20T11:18:32","date_gmt":"2025-08-20T11:18:32","guid":{"rendered":"https:\/\/safnarad.is\/?page_id=4768"},"modified":"2025-10-14T15:28:37","modified_gmt":"2025-10-14T15:28:37","slug":"leidbeiningar","status":"publish","type":"page","link":"https:\/\/safnarad.is\/en\/leidbeiningar\/","title":{"rendered":"Guidance and education"},"content":{"rendered":"<div class=\"wp-block-media-text is-stacked-on-mobile\" style=\"grid-template-columns:30% auto\"><figure class=\"wp-block-media-text__media\"><img loading=\"lazy\" decoding=\"async\" width=\"1024\" height=\"683\" src=\"https:\/\/safnarad.is\/wp-content\/uploads\/2025\/10\/Designer-6-1024x683.png\" alt=\"\" class=\"wp-image-4965 size-full\" srcset=\"https:\/\/safnarad.is\/wp-content\/uploads\/2025\/10\/Designer-6-1024x683.png 1024w, https:\/\/safnarad.is\/wp-content\/uploads\/2025\/10\/Designer-6-300x200.png 300w, https:\/\/safnarad.is\/wp-content\/uploads\/2025\/10\/Designer-6-768x512.png 768w, https:\/\/safnarad.is\/wp-content\/uploads\/2025\/10\/Designer-6-18x12.png 18w, https:\/\/safnarad.is\/wp-content\/uploads\/2025\/10\/Designer-6-24x16.png 24w, https:\/\/safnarad.is\/wp-content\/uploads\/2025\/10\/Designer-6-36x24.png 36w, https:\/\/safnarad.is\/wp-content\/uploads\/2025\/10\/Designer-6-48x32.png 48w, https:\/\/safnarad.is\/wp-content\/uploads\/2025\/10\/Designer-6.png 1536w\" sizes=\"auto, (max-width: 1024px) 100vw, 1024px\" \/><\/figure><div class=\"wp-block-media-text__content\">\n<p>The Council for Museums sets standards regarding facilities, safety, accessibility, registration systems, and professional practice that accredited museums must meet. All accredited museums operate in accordance with a code of ethics. <a href=\"https:\/\/icom.is\/sidareglur\/\">International Council of Museums (ICOM)<\/a> and provisions of law that are the foundation for professional collecting. Here you can find a selection of handbooks and guidelines, along with other practical materials that support professional practices for the long-term preservation of collections.<\/p>\n\n\n\n<p>It is also possible to download templates for creation. <a href=\"https:\/\/safnarad.is\/en\/frettir\/2025\/04\/vidbragdsaaetlanir-vidurkenndra-safna\/\">response plan<\/a> which all accredited museums are supposed to do, along with a checklist for communication with responders.<\/p>\n<\/div><\/div>\n\n\n\n<p>The handbooks are intended for all those who work in the preservation of cultural heritage, including curators, archivists, archaeologists, priests, and site managers, but are also useful for university students in disciplines related to cultural heritage. <\/p>\n\n\n\n<p>Also, you can find <a href=\"https:\/\/safnarad.is\/en\/leidbeiningar\/merki-safnasjods\/\">Council of Museums logo<\/a> here, but on all published material, advertisements, etc. related to projects funded by the endowment fund, it must be stated that it receives a grant from the endowment fund.<\/p>\n\n\n\n<div class=\"wp-block-columns is-layout-flex wp-container-core-columns-is-layout-9d6595d7 wp-block-columns-is-layout-flex\">\n<div class=\"wp-block-column is-layout-flow wp-block-column-is-layout-flow\"><\/div>\n\n\n\n<div class=\"wp-block-column is-layout-flow wp-block-column-is-layout-flow\"><\/div>\n<\/div>\n\n\n\n<p><\/p>\n\n\n\n<p><\/p>\n\n\n\n<p><\/p>","protected":false},"excerpt":{"rendered":"<p>Safnar\u00e1\u00f0 setur skilm\u00e1la var\u00f0andi h\u00fasn\u00e6\u00f0i, \u00f6ryggism\u00e1l, a\u00f0gengi, skr\u00e1ningarkerfi og faglegt starf sem vi\u00f0urkennd s\u00f6fn ver\u00f0a a\u00f0 uppfylla. \u00d6ll vi\u00f0urkennd s\u00f6fn starfa \u00ed samr\u00e6mi vi\u00f0 si\u00f0areglur Al\u00fej\u00f3\u00f0ar\u00e1\u00f0s safna (ICOM) og \u00e1kv\u00e6\u00f0i laga sem er grundv\u00f6llur fyrir faglegu safnastarfi. H\u00e9r m\u00e1 finna \u00farval handb\u00f3ka og lei\u00f0beininga, \u00e1samt \u00f6\u00f0ru hagn\u00fdtu efni sem sty\u00f0ur vi\u00f0 fagleg vinnubr\u00f6g\u00f0 um langt\u00edmavar\u00f0veislu &hellip;<\/p>","protected":false},"author":2,"featured_media":0,"parent":0,"menu_order":0,"comment_status":"closed","ping_status":"closed","template":"","meta":{"_acf_changed":false,"_exactmetrics_skip_tracking":false,"_exactmetrics_sitenote_active":false,"_exactmetrics_sitenote_note":"","_exactmetrics_sitenote_category":0,"footnotes":""},"class_list":["post-4768","page","type-page","status-publish","hentry"],"acf":[],"_links":{"self":[{"href":"https:\/\/safnarad.is\/en\/wp-json\/wp\/v2\/pages\/4768","targetHints":{"allow":["GET"]}}],"collection":[{"href":"https:\/\/safnarad.is\/en\/wp-json\/wp\/v2\/pages"}],"about":[{"href":"https:\/\/safnarad.is\/en\/wp-json\/wp\/v2\/types\/page"}],"author":[{"embeddable":true,"href":"https:\/\/safnarad.is\/en\/wp-json\/wp\/v2\/users\/2"}],"replies":[{"embeddable":true,"href":"https:\/\/safnarad.is\/en\/wp-json\/wp\/v2\/comments?post=4768"}],"version-history":[{"count":12,"href":"https:\/\/safnarad.is\/en\/wp-json\/wp\/v2\/pages\/4768\/revisions"}],"predecessor-version":[{"id":4967,"href":"https:\/\/safnarad.is\/en\/wp-json\/wp\/v2\/pages\/4768\/revisions\/4967"}],"wp:attachment":[{"href":"https:\/\/safnarad.is\/en\/wp-json\/wp\/v2\/media?parent=4768"}],"curies":[{"name":"wp","href":"https:\/\/api.w.org\/{rel}","templated":true}]}}