{"id":4127,"date":"2024-10-03T16:09:54","date_gmt":"2024-10-03T16:09:54","guid":{"rendered":"https:\/\/safnarad.is\/?page_id=4127"},"modified":"2025-08-21T17:06:24","modified_gmt":"2025-08-21T17:06:24","slug":"vidbragdsaaetlun-snidmat","status":"publish","type":"page","link":"https:\/\/safnarad.is\/en\/leidbeiningar\/vidbragdsaaetlun-snidmat\/","title":{"rendered":"Contingency Plans \u2013 Template"},"content":{"rendered":"<p>Here you can download a form or example of <a href=\"https:\/\/safnarad.is\/wp-content\/uploads\/2025\/02\/Vidbragdsaaetlun-vidurkennd-sofn-skjal2-snidmt-004-2025.docx\">Contingency plan: template<\/a><\/p>\n\n\t\t\t\t\t<h3 role=\"button\" id=\"accordion-0-t1\" class=\"accordion-title js-accordion-controller\" aria-controls=\"accordion-0-c1\" aria-expanded=\"false\" tabindex=\"0\" data-initialstate=\"closed\">\n\t\t\t\tContingency plan: template\t\t\t<\/h3>\n\t\t\n\t\t<div id=\"accordion-0-c1\" class=\"accordion-content\" aria-hidden=\"true\">\n\t\t\t<\/p>\n<p>\t\t<\/div>\n\n\t\t\n<a href=\"https:\/\/safnarad.is\/wp-content\/uploads\/2025\/02\/Vidbragdsaaetlun-vidurkennd-sofn-skjal2-snidmt-004-2025-2.pdf\" class=\"pdfemb-viewer\" style=\"\" data-width=\"max\" data-height=\"max\" data-mobile-width=\"500\"  data-scrollbar=\"none\" data-download=\"on\" data-tracking=\"on\" data-newwindow=\"on\" data-pagetextbox=\"off\" data-scrolltotop=\"off\" data-startzoom=\"100\" data-startfpzoom=\"100\" data-toolbar=\"bottom\" data-toolbar-fixed=\"on\">Contingency plan: template<br\/><\/a>","protected":false},"excerpt":{"rendered":"<p>H\u00e9r er h\u00e6gt a\u00f0 s\u00e6kja ey\u00f0ubla\u00f0 e\u00f0a d\u00e6mi um Vi\u00f0brag\u00f0s\u00e1\u00e6tlun: sni\u00f0m\u00e1t<\/p>","protected":false},"author":4,"featured_media":0,"parent":4768,"menu_order":70,"comment_status":"closed","ping_status":"closed","template":"","meta":{"_acf_changed":false,"_exactmetrics_skip_tracking":false,"_exactmetrics_sitenote_active":false,"_exactmetrics_sitenote_note":"","_exactmetrics_sitenote_category":0,"footnotes":""},"class_list":["post-4127","page","type-page","status-publish","hentry"],"acf":[],"_links":{"self":[{"href":"https:\/\/safnarad.is\/en\/wp-json\/wp\/v2\/pages\/4127","targetHints":{"allow":["GET"]}}],"collection":[{"href":"https:\/\/safnarad.is\/en\/wp-json\/wp\/v2\/pages"}],"about":[{"href":"https:\/\/safnarad.is\/en\/wp-json\/wp\/v2\/types\/page"}],"author":[{"embeddable":true,"href":"https:\/\/safnarad.is\/en\/wp-json\/wp\/v2\/users\/4"}],"replies":[{"embeddable":true,"href":"https:\/\/safnarad.is\/en\/wp-json\/wp\/v2\/comments?post=4127"}],"version-history":[{"count":13,"href":"https:\/\/safnarad.is\/en\/wp-json\/wp\/v2\/pages\/4127\/revisions"}],"predecessor-version":[{"id":5214,"href":"https:\/\/safnarad.is\/en\/wp-json\/wp\/v2\/pages\/4127\/revisions\/5214"}],"up":[{"embeddable":true,"href":"https:\/\/safnarad.is\/en\/wp-json\/wp\/v2\/pages\/4768"}],"wp:attachment":[{"href":"https:\/\/safnarad.is\/en\/wp-json\/wp\/v2\/media?parent=4127"}],"curies":[{"name":"wp","href":"https:\/\/api.w.org\/{rel}","templated":true}]}}