{"id":3753,"date":"2024-01-08T15:32:43","date_gmt":"2024-01-08T15:32:43","guid":{"rendered":"https:\/\/safnarad.is\/?page_id=3753"},"modified":"2025-08-22T14:22:19","modified_gmt":"2025-08-22T14:22:19","slug":"adgerdaraaetlun-fyrir-stefnumorkun-um-safnastarf","status":"publish","type":"page","link":"https:\/\/safnarad.is\/en\/um-safnarad\/adgerdaraaetlun-fyrir-stefnumorkun-um-safnastarf\/","title":{"rendered":"Strategic Action Plan"},"content":{"rendered":"<div class=\"wp-block-columns is-layout-flex wp-container-core-columns-is-layout-9d6595d7 wp-block-columns-is-layout-flex\">\n<div class=\"wp-block-column is-layout-flow wp-block-column-is-layout-flow\" style=\"flex-basis:33.33%\">\n<figure class=\"wp-block-image size-full\"><a href=\"https:\/\/safnarad.is\/wp-content\/uploads\/2024\/01\/Safnarad_stefnumorkun_2023_A4.pdf\"><img loading=\"lazy\" decoding=\"async\" width=\"543\" height=\"770\" src=\"https:\/\/safnarad.is\/wp-content\/uploads\/2024\/08\/Skjamynd-2024-08-13-162008.jpg\" alt=\"\" class=\"wp-image-4051\" srcset=\"https:\/\/safnarad.is\/wp-content\/uploads\/2024\/08\/Skjamynd-2024-08-13-162008.jpg 543w, https:\/\/safnarad.is\/wp-content\/uploads\/2024\/08\/Skjamynd-2024-08-13-162008-212x300.jpg 212w, https:\/\/safnarad.is\/wp-content\/uploads\/2024\/08\/Skjamynd-2024-08-13-162008-17x24.jpg 17w, https:\/\/safnarad.is\/wp-content\/uploads\/2024\/08\/Skjamynd-2024-08-13-162008-25x36.jpg 25w, https:\/\/safnarad.is\/wp-content\/uploads\/2024\/08\/Skjamynd-2024-08-13-162008-34x48.jpg 34w\" sizes=\"auto, (max-width: 543px) 100vw, 543px\" \/><\/a><\/figure>\n<\/div>\n\n\n\n<div class=\"wp-block-column is-layout-flow wp-block-column-is-layout-flow\" style=\"flex-basis:66.66%\">\n<h4 class=\"wp-block-heading\"><a href=\"https:\/\/safnarad.is\/wp-content\/uploads\/2024\/01\/Safnarad_stefnumorkun_2023_A4.pdf\">Action Plan for Strategic Planning of the Collection<\/a><\/h4>\n\n\n\n<p>The action plan presents six actions that work towards the goals of the policy on library work.<\/p>\n\n\n\n<p><strong>Action 1 \u2013 Museums for All \u2013 Introduction to Museum Work&nbsp;<\/strong> <strong><br>Action 2 \u2013 Strengthening infrastructure <br>Action 3 \u2013 Professional work \u2013 the foundation for the protection of cultural and natural heritage <br>Action 4 \u2013 Knowledge Preservation and Collaboration of Collections<br>Action 5 \u2013 The educational role of museums<br>Action 6 \u2013 Knowledge Creation on Collections and Scholarly Activities<\/strong><\/p>\n<\/div>\n<\/div>\n\n\n\n<p>The action plan is based on<a href=\"https:\/\/safnarad.is\/en\/um-safnarad\/stefnumorkun-um-safnastarf\/\" data-type=\"page\" data-id=\"70\"> Policy on museum work<\/a> but seven main objectives form the basis of the strategic direction. The actions presented here overlap and support more than one main objective. The action plan outlines the priorities for the next three years. The validity period for this first action plan is 2023-2026, after which it will be reviewed and a new action plan will be presented.<\/p>\n\n\n\n<p>Emphasis is placed on five key factors, and the actions can relate to one or more factors at a time. <br>The key elements of the action plan are as follows:<\/p>\n\n\n\n<p class=\"has-text-align-left\"><strong>\u2022 Operational security<br>\u2022 Strengthening knowledge within museums<br>\u2022 Professional care of the collection<br>\u2022 Community engagement<br>\u2022 Sustainability and preservation for the future<\/strong><\/p>\n\n\n\n<p><\/p>\n\n\n\n<h4 class=\"wp-block-heading\">Working group on the action plan<\/h4>\n\n\n\n<p>The action plan was developed in extensive consultation with museum professionals, but its preparation began with a workshop at the F\u00cdSOS Training School \u2013 a professional conference for museum professionals \u2013 in October 2021.<br>In the fall of 2022, a working group was appointed to develop an action plan to implement the strategic plan. The working group consisted of 8 members, representatives from major museums, accredited museums, and the Museum Council:<\/p>\n\n\n\n<p>\u00c1g\u00fasta Krist\u00f3fersd\u00f3ttir, Curator of Collections, National Museum of Iceland<br>Berglind Thorsteinsdottir, Museum Director, Skagfir\u00f0ingar Folk Museum<br>Dagn\u00fd Hei\u00f0dal, specialist, National Gallery of Iceland<br>Helga L\u00e1ra \u00deorsteinsd\u00f3ttir, representative on the museum council on behalf of ICOM and director of the R\u00daV archives<br>Hj\u00f6rtur \u00deorbj\u00f6rnsson Director, Reykjavik Botanical Garden<br>H\u00f3lmar H\u00f3lm, Public Relations Officer, Hafnarborg \u2013 Cultural and Arts Center of Hafnarfj\u00f6r\u00f0ur<br>Klara Thorhallsdottir, specialist, Collection Council<br>Sn\u00e6bj\u00f6rn Gu\u00f0mundsson, specialist, National Museum of Natural History of Iceland<br>Th\u00f3ra Bj\u00f6rk \u00d3lafsd\u00f3ttir, Executive Director of the Collection Council<\/p>\n\n\n\n<p><strong>The action plan is developed in collaboration with the Council of Museums and the National Museums.<br>On behalf of the institutions, the following sat:<\/strong><\/p>\n\n\n\n<p>Th\u00f3ra Bj\u00f6rk \u00d3lafsd\u00f3ttir, Executive Director of the Collection Council<br>Klara Thorhallsdottir, Curatorial Specialist<br>Harpa \u00de\u00f3rsd\u00f3ttir, National Museum Curator, National Museum of Iceland<br>Dr. Hilmar J. Malmquist, Director, National Museum of Natural History of Iceland<br>Ingibj\u00f6rg J\u00f3hannsd\u00f3ttir, Director, National Gallery of Iceland<\/p>\n\n\n\n<p>The action plan was developed under the supervision of J\u00f3hanna S\u00edmonard\u00f3ttir of Sj\u00e1 Consulting.<\/p>\n\n\n\n<p><\/p>","protected":false},"excerpt":{"rendered":"<p>A\u00f0ger\u00f0ar\u00e1\u00e6tlun fyrir stefnum\u00f6rkun um safnastarf \u00cd&nbsp; a\u00f0ger\u00f0a\u00e1\u00e6tluninni eru settar fram sex a\u00f0ger\u00f0ir sem vinna a\u00f0 markmi\u00f0um stefnum\u00f6rkunar um safnastarf. A\u00f0ger\u00f0 1 &#8211; S\u00f6fn fyrir \u00f6ll &#8211; kynning \u00e1 safnastarfi&nbsp; A\u00f0ger\u00f0 2 &#8211; Efling innvi\u00f0a A\u00f0ger\u00f0 3 &#8211; Faglegt starf &#8211; undirsta\u00f0a verndunar menningar- og n\u00e1tt\u00faruarfs A\u00f0ger\u00f0 4 &#8211; Var\u00f0veisla \u00feekkingar og samstarf safnaA\u00f0ger\u00f0 5 &#8211; &hellip;<\/p>","protected":false},"author":4,"featured_media":0,"parent":10,"menu_order":55,"comment_status":"closed","ping_status":"closed","template":"","meta":{"_acf_changed":false,"_exactmetrics_skip_tracking":false,"_exactmetrics_sitenote_active":false,"_exactmetrics_sitenote_note":"","_exactmetrics_sitenote_category":0,"footnotes":""},"class_list":["post-3753","page","type-page","status-publish","hentry"],"acf":[],"_links":{"self":[{"href":"https:\/\/safnarad.is\/en\/wp-json\/wp\/v2\/pages\/3753","targetHints":{"allow":["GET"]}}],"collection":[{"href":"https:\/\/safnarad.is\/en\/wp-json\/wp\/v2\/pages"}],"about":[{"href":"https:\/\/safnarad.is\/en\/wp-json\/wp\/v2\/types\/page"}],"author":[{"embeddable":true,"href":"https:\/\/safnarad.is\/en\/wp-json\/wp\/v2\/users\/4"}],"replies":[{"embeddable":true,"href":"https:\/\/safnarad.is\/en\/wp-json\/wp\/v2\/comments?post=3753"}],"version-history":[{"count":9,"href":"https:\/\/safnarad.is\/en\/wp-json\/wp\/v2\/pages\/3753\/revisions"}],"predecessor-version":[{"id":4871,"href":"https:\/\/safnarad.is\/en\/wp-json\/wp\/v2\/pages\/3753\/revisions\/4871"}],"up":[{"embeddable":true,"href":"https:\/\/safnarad.is\/en\/wp-json\/wp\/v2\/pages\/10"}],"wp:attachment":[{"href":"https:\/\/safnarad.is\/en\/wp-json\/wp\/v2\/media?parent=3753"}],"curies":[{"name":"wp","href":"https:\/\/api.w.org\/{rel}","templated":true}]}}