{"id":3625,"date":"2023-09-26T15:16:40","date_gmt":"2023-09-26T15:16:40","guid":{"rendered":"https:\/\/safnarad.is\/?page_id=3625"},"modified":"2024-10-01T13:10:02","modified_gmt":"2024-10-01T13:10:02","slug":"moi-museums-of-impact","status":"publish","type":"page","link":"https:\/\/safnarad.is\/en\/um-safnarad\/moi-museums-of-impact\/","title":{"rendered":"MOI! Museums of Impact"},"content":{"rendered":"<p>The MOI evaluation framework is a tool specifically designed to assess impact and reflect on current issues related to museums' social impact. The evaluation framework can be used to critically examine a museum's activities and performance and to identify opportunities for further development and increased impact.<\/p>\n<p><img loading=\"lazy\" decoding=\"async\" class=\"wp-image-3665 alignleft\" src=\"https:\/\/safnarad.is\/wp-content\/uploads\/2023\/09\/Picture1-300x120.png\" alt=\"\" width=\"254\" height=\"101\" srcset=\"https:\/\/safnarad.is\/wp-content\/uploads\/2023\/09\/Picture1-300x120.png 300w, https:\/\/safnarad.is\/wp-content\/uploads\/2023\/09\/Picture1-768x307.png 768w, https:\/\/safnarad.is\/wp-content\/uploads\/2023\/09\/Picture1-24x10.png 24w, https:\/\/safnarad.is\/wp-content\/uploads\/2023\/09\/Picture1-36x14.png 36w, https:\/\/safnarad.is\/wp-content\/uploads\/2023\/09\/Picture1-48x19.png 48w, https:\/\/safnarad.is\/wp-content\/uploads\/2023\/09\/Picture1.png 900w\" sizes=\"auto, (max-width: 254px) 100vw, 254px\" \/><\/p>\n<p>Below you will find instructions for the MOI assessment framework in Icelandic, but instructions are also available in other languages such as <a href=\"https:\/\/www.ne-mo.org\/about-us\/resources\/moi-self-evaluation-tool?fbclid=IwAR1ZMBYU-fR3_W0FQ8qAtWF4gsIIYxpk-KB0__ITv9BX3utepRFLiVYZRgo\">English<\/a>, <em><a href=\"https:\/\/www.erm.ee\/et\/MOI\">Estonian (Esti)<\/a>, <a href=\"https:\/\/www.smb.museum\/museen-einrichtungen\/institut-fuer-museumsforschung\/forschung\/kooperationen\/moi-framework\/\">German (deutsch)<\/a>) and <a href=\"https:\/\/www.bamstrategieculturali.com\/moi\/\">Italian (italiano)<\/a>)<\/em><\/p>\n<p>Self-assessment allows museums to identify their own strengths and opportunities for improvement. This is a process that involves examining, analyzing, and improving one's own operations or performance, and creating a shared understanding of the goals and actions the museum sets for itself. The museum evaluates its own operations based on its strategic direction, thereby identifying opportunities for improvement and development.<\/p>\n<p>Here you will find instructions in Icelandic on how to use self-assessment to help museums develop their activities and increase their impact. The rationale for the assessment framework and the different approaches to implementing the process within a museum are reviewed. The framework is also intended to support you as a facilitator in carrying out the self-assessment process. Note that the evaluation framework assumes the museum has defined the areas it wants to have an impact on. These impact goals can be found in its strategic plan, in individual museum policies, or in action plans.<\/p>\n<p>By applying the assessment framework, there is also an opportunity to evaluate the performance of the team. This promotes a shared understanding, shows the status of different areas, and highlights the museum's strengths, its human resources, and its objectives. The evaluation framework can be used in various ways, for example, in strategic planning or when there is high staff turnover, as it promotes a better understanding of the work environment and the status of different projects. The framework can also be useful when a museum wants to change its organizational structure, monitor its activities, or assess progress toward its impact goals.<\/p>\n<p><a href=\"https:\/\/safnarad.is\/wp-content\/uploads\/2023\/09\/moi-krut-module-instructions-is-1.pdf\"><img loading=\"lazy\" decoding=\"async\" class=\"alignnone size-medium wp-image-3630\" src=\"https:\/\/safnarad.is\/wp-content\/uploads\/2023\/09\/moi-krut-module-instructions-is-1-pdf-image-212x300.jpg\" alt=\"\" width=\"212\" height=\"300\" srcset=\"https:\/\/safnarad.is\/wp-content\/uploads\/2023\/09\/moi-krut-module-instructions-is-1-pdf-image-212x300.jpg 212w, https:\/\/safnarad.is\/wp-content\/uploads\/2023\/09\/moi-krut-module-instructions-is-1-pdf-image-17x24.jpg 17w, https:\/\/safnarad.is\/wp-content\/uploads\/2023\/09\/moi-krut-module-instructions-is-1-pdf-image-25x36.jpg 25w, https:\/\/safnarad.is\/wp-content\/uploads\/2023\/09\/moi-krut-module-instructions-is-1-pdf-image-34x48.jpg 34w, https:\/\/safnarad.is\/wp-content\/uploads\/2023\/09\/moi-krut-module-instructions-is-1-pdf-image.jpg 595w\" sizes=\"auto, (max-width: 212px) 100vw, 212px\" \/><\/a><\/p>\n<h3>Workbooks: The Kinematic Components:<\/h3>\n<p><a href=\"https:\/\/safnarad.is\/wp-content\/uploads\/2023\/09\/moi-krut-module-1impgoa-is.pdf\"><img loading=\"lazy\" decoding=\"async\" class=\"alignnone size-medium wp-image-3635\" src=\"https:\/\/safnarad.is\/wp-content\/uploads\/2023\/09\/moi-krut-module-1impgoa-is-pdf-image-300x212.jpg\" alt=\"\" width=\"300\" height=\"212\" srcset=\"https:\/\/safnarad.is\/wp-content\/uploads\/2023\/09\/moi-krut-module-1impgoa-is-pdf-image-300x212.jpg 300w, https:\/\/safnarad.is\/wp-content\/uploads\/2023\/09\/moi-krut-module-1impgoa-is-pdf-image-768x543.jpg 768w, https:\/\/safnarad.is\/wp-content\/uploads\/2023\/09\/moi-krut-module-1impgoa-is-pdf-image-24x17.jpg 24w, https:\/\/safnarad.is\/wp-content\/uploads\/2023\/09\/moi-krut-module-1impgoa-is-pdf-image-36x25.jpg 36w, https:\/\/safnarad.is\/wp-content\/uploads\/2023\/09\/moi-krut-module-1impgoa-is-pdf-image-48x34.jpg 48w, https:\/\/safnarad.is\/wp-content\/uploads\/2023\/09\/moi-krut-module-1impgoa-is-pdf-image.jpg 842w\" sizes=\"auto, (max-width: 300px) 100vw, 300px\" \/><\/a><a href=\"https:\/\/safnarad.is\/wp-content\/uploads\/2023\/09\/moi-krut-module-2orgcult-is.pdf\"><img loading=\"lazy\" decoding=\"async\" class=\"alignnone size-medium wp-image-3638\" src=\"https:\/\/safnarad.is\/wp-content\/uploads\/2023\/09\/moi-krut-module-2orgcult-is-pdf-image-300x212.jpg\" alt=\"\" width=\"300\" height=\"212\" srcset=\"https:\/\/safnarad.is\/wp-content\/uploads\/2023\/09\/moi-krut-module-2orgcult-is-pdf-image-300x212.jpg 300w, https:\/\/safnarad.is\/wp-content\/uploads\/2023\/09\/moi-krut-module-2orgcult-is-pdf-image-768x543.jpg 768w, https:\/\/safnarad.is\/wp-content\/uploads\/2023\/09\/moi-krut-module-2orgcult-is-pdf-image-24x17.jpg 24w, https:\/\/safnarad.is\/wp-content\/uploads\/2023\/09\/moi-krut-module-2orgcult-is-pdf-image-36x25.jpg 36w, https:\/\/safnarad.is\/wp-content\/uploads\/2023\/09\/moi-krut-module-2orgcult-is-pdf-image-48x34.jpg 48w, https:\/\/safnarad.is\/wp-content\/uploads\/2023\/09\/moi-krut-module-2orgcult-is-pdf-image.jpg 842w\" sizes=\"auto, (max-width: 300px) 100vw, 300px\" \/><\/a><\/p>\n<p><a href=\"https:\/\/safnarad.is\/wp-content\/uploads\/2023\/09\/moi-krut-module-3resser-is.pdf\"><img loading=\"lazy\" decoding=\"async\" class=\"alignnone size-medium wp-image-3640\" src=\"https:\/\/safnarad.is\/wp-content\/uploads\/2023\/09\/moi-krut-module-3resser-is-pdf-image-300x212.jpg\" alt=\"\" width=\"300\" height=\"212\" srcset=\"https:\/\/safnarad.is\/wp-content\/uploads\/2023\/09\/moi-krut-module-3resser-is-pdf-image-300x212.jpg 300w, https:\/\/safnarad.is\/wp-content\/uploads\/2023\/09\/moi-krut-module-3resser-is-pdf-image-768x543.jpg 768w, https:\/\/safnarad.is\/wp-content\/uploads\/2023\/09\/moi-krut-module-3resser-is-pdf-image-24x17.jpg 24w, https:\/\/safnarad.is\/wp-content\/uploads\/2023\/09\/moi-krut-module-3resser-is-pdf-image-36x25.jpg 36w, https:\/\/safnarad.is\/wp-content\/uploads\/2023\/09\/moi-krut-module-3resser-is-pdf-image-48x34.jpg 48w, https:\/\/safnarad.is\/wp-content\/uploads\/2023\/09\/moi-krut-module-3resser-is-pdf-image.jpg 842w\" sizes=\"auto, (max-width: 300px) 100vw, 300px\" \/><\/a><a href=\"https:\/\/safnarad.is\/wp-content\/uploads\/2023\/09\/moi-krut-module-4digeng-is.pdf\"><img loading=\"lazy\" decoding=\"async\" class=\"alignnone size-medium wp-image-3642\" src=\"https:\/\/safnarad.is\/wp-content\/uploads\/2023\/09\/moi-krut-module-4digeng-is-pdf-image-300x212.jpg\" alt=\"\" width=\"300\" height=\"212\" srcset=\"https:\/\/safnarad.is\/wp-content\/uploads\/2023\/09\/moi-krut-module-4digeng-is-pdf-image-300x212.jpg 300w, https:\/\/safnarad.is\/wp-content\/uploads\/2023\/09\/moi-krut-module-4digeng-is-pdf-image-768x543.jpg 768w, https:\/\/safnarad.is\/wp-content\/uploads\/2023\/09\/moi-krut-module-4digeng-is-pdf-image-24x17.jpg 24w, https:\/\/safnarad.is\/wp-content\/uploads\/2023\/09\/moi-krut-module-4digeng-is-pdf-image-36x25.jpg 36w, https:\/\/safnarad.is\/wp-content\/uploads\/2023\/09\/moi-krut-module-4digeng-is-pdf-image-48x34.jpg 48w, https:\/\/safnarad.is\/wp-content\/uploads\/2023\/09\/moi-krut-module-4digeng-is-pdf-image.jpg 842w\" sizes=\"auto, (max-width: 300px) 100vw, 300px\" \/><\/a><\/p>\n<h3>Workbooks: The Influential Parts:<\/h3>\n<p><a href=\"https:\/\/safnarad.is\/wp-content\/uploads\/2024\/01\/moi-krut-module-Ahrifaafl-hl.-1.pdf\"><img loading=\"lazy\" decoding=\"async\" class=\"alignnone wp-image-3763 size-medium\" src=\"https:\/\/safnarad.is\/wp-content\/uploads\/2024\/01\/moi-krut-module-Ahrifaafl-hl.-1-pdf-300x212.jpg\" alt=\"\" width=\"300\" height=\"212\" \/><\/a><a href=\"https:\/\/safnarad.is\/wp-content\/uploads\/2023\/09\/moi-krut-module-6comher-is.pdf\"><img loading=\"lazy\" decoding=\"async\" class=\"alignnone size-medium wp-image-3646\" src=\"https:\/\/safnarad.is\/wp-content\/uploads\/2023\/09\/moi-krut-module-6comher-is-pdf-image-300x212.jpg\" alt=\"\" width=\"300\" height=\"212\" srcset=\"https:\/\/safnarad.is\/wp-content\/uploads\/2023\/09\/moi-krut-module-6comher-is-pdf-image-300x212.jpg 300w, https:\/\/safnarad.is\/wp-content\/uploads\/2023\/09\/moi-krut-module-6comher-is-pdf-image-768x543.jpg 768w, https:\/\/safnarad.is\/wp-content\/uploads\/2023\/09\/moi-krut-module-6comher-is-pdf-image-24x17.jpg 24w, https:\/\/safnarad.is\/wp-content\/uploads\/2023\/09\/moi-krut-module-6comher-is-pdf-image-36x25.jpg 36w, https:\/\/safnarad.is\/wp-content\/uploads\/2023\/09\/moi-krut-module-6comher-is-pdf-image-48x34.jpg 48w, https:\/\/safnarad.is\/wp-content\/uploads\/2023\/09\/moi-krut-module-6comher-is-pdf-image.jpg 842w\" sizes=\"auto, (max-width: 300px) 100vw, 300px\" \/><\/a><\/p>\n<h3><a href=\"https:\/\/safnarad.is\/wp-content\/uploads\/2023\/09\/moi-krut-module-7susorg-is.pdf\"><img loading=\"lazy\" decoding=\"async\" class=\"alignnone size-medium wp-image-3649\" src=\"https:\/\/safnarad.is\/wp-content\/uploads\/2023\/09\/moi-krut-module-7susorg-is-pdf-image-300x212.jpg\" alt=\"\" width=\"300\" height=\"212\" srcset=\"https:\/\/safnarad.is\/wp-content\/uploads\/2023\/09\/moi-krut-module-7susorg-is-pdf-image-300x212.jpg 300w, https:\/\/safnarad.is\/wp-content\/uploads\/2023\/09\/moi-krut-module-7susorg-is-pdf-image-768x543.jpg 768w, https:\/\/safnarad.is\/wp-content\/uploads\/2023\/09\/moi-krut-module-7susorg-is-pdf-image-24x17.jpg 24w, https:\/\/safnarad.is\/wp-content\/uploads\/2023\/09\/moi-krut-module-7susorg-is-pdf-image-36x25.jpg 36w, https:\/\/safnarad.is\/wp-content\/uploads\/2023\/09\/moi-krut-module-7susorg-is-pdf-image-48x34.jpg 48w, https:\/\/safnarad.is\/wp-content\/uploads\/2023\/09\/moi-krut-module-7susorg-is-pdf-image.jpg 842w\" sizes=\"auto, (max-width: 300px) 100vw, 300px\" \/><\/a><a href=\"https:\/\/safnarad.is\/wp-content\/uploads\/2023\/09\/moi-krut-module-8relkno-is.pdf\"><img loading=\"lazy\" decoding=\"async\" class=\"alignnone size-medium wp-image-3651\" src=\"https:\/\/safnarad.is\/wp-content\/uploads\/2023\/09\/moi-krut-module-8relkno-is-pdf-image-300x212.jpg\" alt=\"\" width=\"300\" height=\"212\" srcset=\"https:\/\/safnarad.is\/wp-content\/uploads\/2023\/09\/moi-krut-module-8relkno-is-pdf-image-300x212.jpg 300w, https:\/\/safnarad.is\/wp-content\/uploads\/2023\/09\/moi-krut-module-8relkno-is-pdf-image-768x543.jpg 768w, https:\/\/safnarad.is\/wp-content\/uploads\/2023\/09\/moi-krut-module-8relkno-is-pdf-image-24x17.jpg 24w, https:\/\/safnarad.is\/wp-content\/uploads\/2023\/09\/moi-krut-module-8relkno-is-pdf-image-36x25.jpg 36w, https:\/\/safnarad.is\/wp-content\/uploads\/2023\/09\/moi-krut-module-8relkno-is-pdf-image-48x34.jpg 48w, https:\/\/safnarad.is\/wp-content\/uploads\/2023\/09\/moi-krut-module-8relkno-is-pdf-image.jpg 842w\" sizes=\"auto, (max-width: 300px) 100vw, 300px\" \/><\/a><\/h3>\n<h3>MOI table<\/h3>\n<p><a href=\"https:\/\/safnarad.is\/wp-content\/uploads\/2023\/09\/MOI_Board_is.pdf\"><img loading=\"lazy\" decoding=\"async\" class=\"alignnone size-medium wp-image-3655\" src=\"https:\/\/safnarad.is\/wp-content\/uploads\/2023\/09\/MOI_Board_is-pdf-image-300x212.jpg\" alt=\"\" width=\"300\" height=\"212\" srcset=\"https:\/\/safnarad.is\/wp-content\/uploads\/2023\/09\/MOI_Board_is-pdf-image-300x212.jpg 300w, https:\/\/safnarad.is\/wp-content\/uploads\/2023\/09\/MOI_Board_is-pdf-image-1024x724.jpg 1024w, https:\/\/safnarad.is\/wp-content\/uploads\/2023\/09\/MOI_Board_is-pdf-image-768x543.jpg 768w, https:\/\/safnarad.is\/wp-content\/uploads\/2023\/09\/MOI_Board_is-pdf-image-1536x1086.jpg 1536w, https:\/\/safnarad.is\/wp-content\/uploads\/2023\/09\/MOI_Board_is-pdf-image-24x17.jpg 24w, https:\/\/safnarad.is\/wp-content\/uploads\/2023\/09\/MOI_Board_is-pdf-image-36x25.jpg 36w, https:\/\/safnarad.is\/wp-content\/uploads\/2023\/09\/MOI_Board_is-pdf-image-48x34.jpg 48w, https:\/\/safnarad.is\/wp-content\/uploads\/2023\/09\/MOI_Board_is-pdf-image.jpg 1684w\" sizes=\"auto, (max-width: 300px) 100vw, 300px\" \/><\/a><\/p>\n<h3>The MOI cards<\/h3>\n<p>&nbsp;<\/p>\n<p><a href=\"https:\/\/safnarad.is\/wp-content\/uploads\/2024\/01\/is-krut-moi-cards-merge-all-web.pdf\"><img loading=\"lazy\" decoding=\"async\" class=\"size-full wp-image-3781 alignnone\" src=\"https:\/\/safnarad.is\/wp-content\/uploads\/2024\/01\/Screenshot-2024-01-18-120710.jpg\" alt=\"\" width=\"282\" height=\"264\" srcset=\"https:\/\/safnarad.is\/wp-content\/uploads\/2024\/01\/Screenshot-2024-01-18-120710.jpg 282w, https:\/\/safnarad.is\/wp-content\/uploads\/2024\/01\/Screenshot-2024-01-18-120710-24x22.jpg 24w, https:\/\/safnarad.is\/wp-content\/uploads\/2024\/01\/Screenshot-2024-01-18-120710-36x34.jpg 36w, https:\/\/safnarad.is\/wp-content\/uploads\/2024\/01\/Screenshot-2024-01-18-120710-48x45.jpg 48w\" sizes=\"auto, (max-width: 282px) 100vw, 282px\" \/><\/a><\/p>\n<h3>Development Workbook<\/h3>\n<p>&nbsp;<\/p>\n<p><a href=\"https:\/\/safnarad.is\/wp-content\/uploads\/2024\/01\/moi-krut-module-dev-workbook-is-1.pdf\"><img loading=\"lazy\" decoding=\"async\" class=\"alignnone wp-image-3779 size-medium\" src=\"https:\/\/safnarad.is\/wp-content\/uploads\/2024\/01\/Screenshot-2024-01-22-143745-300x205.jpg\" alt=\"\" width=\"300\" height=\"205\" srcset=\"https:\/\/safnarad.is\/wp-content\/uploads\/2024\/01\/Screenshot-2024-01-22-143745-300x205.jpg 300w, https:\/\/safnarad.is\/wp-content\/uploads\/2024\/01\/Screenshot-2024-01-22-143745-1024x699.jpg 1024w, https:\/\/safnarad.is\/wp-content\/uploads\/2024\/01\/Screenshot-2024-01-22-143745-768x524.jpg 768w, https:\/\/safnarad.is\/wp-content\/uploads\/2024\/01\/Screenshot-2024-01-22-143745-24x16.jpg 24w, https:\/\/safnarad.is\/wp-content\/uploads\/2024\/01\/Screenshot-2024-01-22-143745-36x25.jpg 36w, https:\/\/safnarad.is\/wp-content\/uploads\/2024\/01\/Screenshot-2024-01-22-143745-48x33.jpg 48w, https:\/\/safnarad.is\/wp-content\/uploads\/2024\/01\/Screenshot-2024-01-22-143745.jpg 1108w\" sizes=\"auto, (max-width: 300px) 100vw, 300px\" \/><\/a><\/p>\n<h3>Glossary for MOI \u2013 the assessment framework<\/h3>\n<p><a href=\"https:\/\/safnarad.is\/wp-content\/uploads\/2023\/09\/moi-krut-module-glossary-is.pdf\"><img loading=\"lazy\" decoding=\"async\" class=\"alignnone size-medium wp-image-3653\" src=\"https:\/\/safnarad.is\/wp-content\/uploads\/2023\/09\/moi-krut-module-glossary-is-pdf-image-212x300.jpg\" alt=\"\" width=\"212\" height=\"300\" srcset=\"https:\/\/safnarad.is\/wp-content\/uploads\/2023\/09\/moi-krut-module-glossary-is-pdf-image-212x300.jpg 212w, https:\/\/safnarad.is\/wp-content\/uploads\/2023\/09\/moi-krut-module-glossary-is-pdf-image-17x24.jpg 17w, https:\/\/safnarad.is\/wp-content\/uploads\/2023\/09\/moi-krut-module-glossary-is-pdf-image-25x36.jpg 25w, https:\/\/safnarad.is\/wp-content\/uploads\/2023\/09\/moi-krut-module-glossary-is-pdf-image-34x48.jpg 34w, https:\/\/safnarad.is\/wp-content\/uploads\/2023\/09\/moi-krut-module-glossary-is-pdf-image.jpg 595w\" sizes=\"auto, (max-width: 212px) 100vw, 212px\" \/><\/a><\/p>\n<p>MOI! Museums of Impact is a European collaborative project that the National Museum Council has participated in since it began in 2019 and concluded in November 2022. The project is funded by the Creative Europe program and aims to develop a self-assessment framework for European museums, based on a system that the Finnish Heritage Agency has used for accredited Finnish museums.<\/p>\n<p>&nbsp;<\/p>\n<p>The following 11 institutions were part of the collaboration: Finnish Heritage Agency, FI; BAM! Strategie Culturali, IT; Hellenic Ministry of Culture and Sports, EL; Deutscher Museumsbund\/NEMO Network of Museum Organisations, DE; Museum of Cycladic Art, EL; Estonian National Museum\/Eesti Rahva Muuseum, EE; Finnish Museums Association, FI; European Museum Academy, NL; Museum Council of Iceland, IS; Stiftung Preussischer Kulturbesitz SPK, DE; and MUSIS Steirischer Museumsverband, AT<\/p>\n<p>&nbsp;<\/p>\n<p>MOI is supported by the Creative Europe Program (COOP2).<\/p>\n<p>&nbsp;<\/p>\n<p><img decoding=\"async\" src=\"https:\/\/moiimg.blob.core.windows.net\/uploads\/logosbeneficairescreativeeuroperight_en_small2-1.jpg\" alt=\"Creative Europe Programme Logo\" \/><\/p>\n<p><img decoding=\"async\" src=\"https:\/\/moiimg.blob.core.windows.net\/uploads\/OPH_financing_rgb_small-1.png\" alt=\"Financing from Finnish National Agency for Education\" \/><\/p>","protected":false},"excerpt":{"rendered":"<p>MOI-matsramminn er verkf\u00e6ri sem er s\u00e9rstaklega hanna\u00f0 til a\u00f0 meta \u00e1hrif og endurspegla m\u00e1lefni l\u00ed\u00f0andi stundar sem tengjast samf\u00e9lagslegu \u00e1hrifum safna. H\u00e6gt er a\u00f0 nota matsrammann til a\u00f0 taka starfsemi og frammist\u00f6\u00f0u safns til gagnr\u00fdninnar sko\u00f0unar og skilgreina t\u00e6kif\u00e6ri til frekari \u00fer\u00f3unar og aukinna \u00e1hrifa. H\u00e9r fyrir ne\u00f0an\u00a0 finnur \u00fe\u00fa lei\u00f0beiningar um MOI matsrammann \u00e1 &hellip;<\/p>","protected":false},"author":2,"featured_media":0,"parent":10,"menu_order":100,"comment_status":"closed","ping_status":"closed","template":"","meta":{"_acf_changed":false,"_exactmetrics_skip_tracking":false,"_exactmetrics_sitenote_active":false,"_exactmetrics_sitenote_note":"","_exactmetrics_sitenote_category":0,"footnotes":""},"class_list":["post-3625","page","type-page","status-publish","hentry"],"acf":[],"_links":{"self":[{"href":"https:\/\/safnarad.is\/en\/wp-json\/wp\/v2\/pages\/3625","targetHints":{"allow":["GET"]}}],"collection":[{"href":"https:\/\/safnarad.is\/en\/wp-json\/wp\/v2\/pages"}],"about":[{"href":"https:\/\/safnarad.is\/en\/wp-json\/wp\/v2\/types\/page"}],"author":[{"embeddable":true,"href":"https:\/\/safnarad.is\/en\/wp-json\/wp\/v2\/users\/2"}],"replies":[{"embeddable":true,"href":"https:\/\/safnarad.is\/en\/wp-json\/wp\/v2\/comments?post=3625"}],"version-history":[{"count":25,"href":"https:\/\/safnarad.is\/en\/wp-json\/wp\/v2\/pages\/3625\/revisions"}],"predecessor-version":[{"id":4106,"href":"https:\/\/safnarad.is\/en\/wp-json\/wp\/v2\/pages\/3625\/revisions\/4106"}],"up":[{"embeddable":true,"href":"https:\/\/safnarad.is\/en\/wp-json\/wp\/v2\/pages\/10"}],"wp:attachment":[{"href":"https:\/\/safnarad.is\/en\/wp-json\/wp\/v2\/media?parent=3625"}],"curies":[{"name":"wp","href":"https:\/\/api.w.org\/{rel}","templated":true}]}}