{"id":30,"date":"2017-06-20T07:30:19","date_gmt":"2017-06-20T07:30:19","guid":{"rendered":"http:\/\/vu2158.shelley.1984.is\/?page_id=30"},"modified":"2026-01-28T17:30:08","modified_gmt":"2026-01-28T17:30:08","slug":"umsoknavefur","status":"publish","type":"page","link":"https:\/\/safnarad.is\/en\/umsoknavefur\/","title":{"rendered":"Application websites"},"content":{"rendered":"<h2 style=\"text-align: right;\"><span style=\"font-size: 17.6px;\"><a style=\"background-color: #ffffff; font-size: 17.6px;\" href=\"http:\/\/safnarad.is\/en\/safnasjodur\/hvad-styrkir-safnasjodur\/\">Here <\/a>You can find information about what the museum fund supports.<\/span><\/h2>\n<h1><a style=\"font-size: 2.5rem; color: #63131f; text-decoration-line: underline; outline-width: 0px;\" href=\"https:\/\/safnarad.eydublod.is\/Forms\">Museum Council application website<\/a><\/h1>\n<p>Please note that if you cannot find a form, it may be here: <a href=\"https:\/\/safnarad.eydublod.is\/Forms\">https:\/\/safnarad.eydublod.is\/Forms<\/a><\/p>\n<h2>Open for the following submissions\/applications<\/h2>\n<h3>Return reports<\/h3>\n<p><strong>Scholarships 2023<\/strong><\/p>\n<ul>\n<li><strong><a class=\"form_html\" href=\"https:\/\/safnarad.eydublod.is\/Forms\/Form\/23-SKY-1AR-LOK\">SK\u00dd23 \u2013 Main allocation 2023 \u2013 One-year grant \u2013 FINAL report<\/a><\/strong>\n<p class=\"desc\">Utilization of one-year grants from the main allocation of the Museum Fund 2023 \u2013 Final report for all one-year grants. The deadline for submission is MARCH 1, 2025.<\/p>\n<\/li>\n<li><strong><a class=\"form_html\" href=\"https:\/\/safnarad.eydublod.is\/Forms\/Form\/23-SKY-OND-AFA\">SK\u00dd23 \u2013 Main allocation 2023 \u2013 Excellence grant \u2013 Progress report for years 1 and 2<\/a><\/strong>\n<p class=\"desc\">Interim report for Excellence Grants from the Museum Fund 2023 \u2013 report for the first year (2023) and second year (2024): The deadline for submitting the interim report for the first year is MARCH 1, 2024, the deadline for submitting the interim report for the second year is MARCH 1, 2025.<\/p>\n<\/li>\n<li><strong><a class=\"form_html\" href=\"https:\/\/safnarad.eydublod.is\/Forms\/Form\/23-SKY-AUK-LOK\">SK\u00dd23 \u2013 Additional allocation 2023 \u2013 Utilization of grant<\/a><\/strong>\n<p class=\"desc\">A report on the utilization of funds from the additional allocation of the Museum Fund 2023 must be submitted to the Museum Board no later than MARCH 1, 2025.<\/p>\n<\/li>\n<\/ul>\n<p><strong>Scholarships 2024<\/strong><\/p>\n<ul>\n<li><strong><a class=\"form_html\" href=\"https:\/\/safnarad.eydublod.is\/Forms\/Form\/24-SKY-1AR-AFA\">SK\u00dd24 \u2013 Main allocation 2024 \u2013 One-year grant \u2013 PROGRESS report<\/a><\/strong>\n<p class=\"desc\">Utilization of one-year grants from the main allocation of the museum fund 2024 \u2013 PROGRESS report for grants of ISK 1,500,000 or more. The deadline for submitting a progress report is MARCH 1, 2025.<\/p>\n<\/li>\n<li><strong><a class=\"form_html\" href=\"https:\/\/safnarad.eydublod.is\/Forms\/Form\/24-SKY-1AR-LOK\">SK\u00dd24 \u2013 Main allocation 2024 \u2013 One-year grant \u2013 FINAL report<\/a><\/strong>\n<p class=\"desc\">Utilization of one-year grants from the main allocation of the Museum Fund 2024 \u2013 Final report for all one-year grants. The deadline for submission is MARCH 1, 2026.<\/p>\n<\/li>\n<li><strong><a class=\"form_html\" href=\"https:\/\/safnarad.eydublod.is\/Forms\/Form\/24-SKY-OND-AFA\">SK\u00dd24 \u2013 Main allocation 2024 \u2013 Excellence grant \u2013 Progress report for years 1 and 2<\/a><\/strong>\n<p class=\"desc\">Interim report for Excellence Grants from the Museum Fund 2024 \u2013 report for the first year (2024) and second year (2025): The deadline for submitting the interim report for the first year is MARCH 1, 2025, the deadline for submitting the interim report for the second year is MARCH 1, 2026.<\/p>\n<\/li>\n<li><strong><a class=\"form_html\" href=\"https:\/\/safnarad.eydublod.is\/Forms\/Form\/24-SKY-AUK-LOK\">SK\u00dd24 \u2013 Supplemental Allocation 2024 \u2013 Grant Utilization<\/a><\/strong>\n<p class=\"desc\">A report on the use of the grant from the 2023 supplemental allocation of the Collections Fund must be submitted to the Collections Council no later than March 1, 2026.<\/p>\n<\/li>\n<\/ul>\n<p><strong>Grants 2025<\/strong><\/p>\n<ul>\n<li><strong><a class=\"form_html\" href=\"https:\/\/safnarad.eydublod.is\/Forms\/Form\/25-SKY-1AR-AFA\">SK\u00dd25 \u2013 Main Allocation 2025 \u2013 One-Year Grant \u2013 Interim Report<\/a><\/strong><br \/>\n<p class=\"desc\">Use of one-year grants from the 2025 main allocation of the Collections Fund \u2013 Milestone report for grants of 1,500,000 kr. or higher. The deadline for the milestone report is March 1, 2026.<\/p>\n<\/li>\n<li><strong><a class=\"form_html\" href=\"https:\/\/safnarad.eydublod.is\/Forms\/Form\/25-SKY-1AR-LOK\">SK\u00dd25 \u2013 Main Allocation 2025 \u2013 One-Year Grant \u2013 Final Report<\/a><\/strong><br \/>\n<p class=\"desc\">Utilization of one-year grants from the 2025 main allocation of the museum fund \u2013 Final report for all one-year grants. The deadline for submission is March 1, 2027.<\/p>\n<\/li>\n<li><strong><a class=\"form_html\" href=\"https:\/\/safnarad.eydublod.is\/Forms\/Form\/25-SKY-OND-AFA\">SK\u00dd25 \u2013 Main Allocation 2025 \u2013 Excellence Grant 25-27 \u2013 Interim Report of Year 1 and Year 2<\/a><\/strong><br \/>\n<p class=\"desc\">Interim Report for the 2025 Museum Fund Excellence Grants \u2013 report for the first year (2026) and second year (2027): The deadline for the first-year progress report is March 1, 2026, and the deadline for the second-year progress report is March 1, 2027.<\/p>\n<\/li>\n<\/ul>\n<h3><strong>Request for a deferral of grant utilization<\/strong><\/h3>\n<p><strong>If a grant recipient wishes to request a deferral of the use of the grant, an email should be sent to the Museum Council office. <a href=\"mailto:safnarad@safnarad.is\">safnarad@safnarad.is<\/a><\/strong><\/p>\n<p>Applications for the museum fund and other forms in progress and submitted applications and forms can be found at <a href=\"https:\/\/www.eydublod.is\/Users\" target=\"_blank\" rel=\"noopener noreferrer\">My pages<\/a>.<\/p>\n\n\n<p><\/p>","protected":false},"excerpt":{"rendered":"<p>H\u00e9r m\u00e1 finna uppl\u00fdsingar um hva\u00f0 safnasj\u00f3\u00f0ur styrkir. Ums\u00f3knavefur safnar\u00e1\u00f0s Athugi\u00f0 a\u00f0 ef \u00fei\u00f0 finni\u00f0 ekki ey\u00f0ubla\u00f0, \u00fe\u00e1 getur \u00fea\u00f0 veri\u00f0 h\u00e9r: https:\/\/safnarad.eydublod.is\/Forms Opi\u00f0 fyrir eftirfarandi skil\/ums\u00f3knir Skilask\u00fdrslur Styrkir 2023 SK\u00dd23 &#8211; A\u00f0al\u00fathlutun 2023 &#8211; Styrkur til eins \u00e1rs &#8211; LOKAsk\u00fdrsla N\u00fdting styrkja til eins \u00e1rs \u00far a\u00f0al\u00fathlutun safnasj\u00f3\u00f0s 2023 \u2013 Lokask\u00fdrsla vegna allra eins &hellip;<\/p>","protected":false},"author":1,"featured_media":0,"parent":0,"menu_order":0,"comment_status":"closed","ping_status":"closed","template":"","meta":{"_acf_changed":false,"_exactmetrics_skip_tracking":false,"_exactmetrics_sitenote_active":false,"_exactmetrics_sitenote_note":"","_exactmetrics_sitenote_category":0,"footnotes":""},"class_list":["post-30","page","type-page","status-publish","hentry"],"acf":[],"_links":{"self":[{"href":"https:\/\/safnarad.is\/en\/wp-json\/wp\/v2\/pages\/30","targetHints":{"allow":["GET"]}}],"collection":[{"href":"https:\/\/safnarad.is\/en\/wp-json\/wp\/v2\/pages"}],"about":[{"href":"https:\/\/safnarad.is\/en\/wp-json\/wp\/v2\/types\/page"}],"author":[{"embeddable":true,"href":"https:\/\/safnarad.is\/en\/wp-json\/wp\/v2\/users\/1"}],"replies":[{"embeddable":true,"href":"https:\/\/safnarad.is\/en\/wp-json\/wp\/v2\/comments?post=30"}],"version-history":[{"count":89,"href":"https:\/\/safnarad.is\/en\/wp-json\/wp\/v2\/pages\/30\/revisions"}],"predecessor-version":[{"id":5193,"href":"https:\/\/safnarad.is\/en\/wp-json\/wp\/v2\/pages\/30\/revisions\/5193"}],"wp:attachment":[{"href":"https:\/\/safnarad.is\/en\/wp-json\/wp\/v2\/media?parent=30"}],"curies":[{"name":"wp","href":"https:\/\/api.w.org\/{rel}","templated":true}]}}