{"id":2521,"date":"2020-04-27T16:00:52","date_gmt":"2020-04-27T16:00:52","guid":{"rendered":"https:\/\/safnarad.is\/?page_id=2521"},"modified":"2025-08-21T17:07:53","modified_gmt":"2025-08-21T17:07:53","slug":"stofnstyrkir-mennta-og-menningarmalaraduneytisins-til-vidurkenndra-safna","status":"publish","type":"page","link":"https:\/\/safnarad.is\/en\/leidbeiningar\/stofnstyrkir-mennta-og-menningarmalaraduneytisins-til-vidurkenndra-safna\/","title":{"rendered":"Foundation grants from the Ministry of Culture to recognized museums"},"content":{"rendered":"<p>According to Article 11.<a href=\"https:\/\/www.althingi.is\/lagas\/nuna\/2011141.html\" target=\"_blank\" rel=\"noopener noreferrer\"> Museums Act No. 141\/2011<\/a> A recognized museum may be granted a grant from the state treasury to cover its establishment costs. In order for a grant to be considered, the terms and conditions set by the Museum Council for museum housing must be met, which include provisions for the security and preservation of museum objects. The Ministry of Culture receives and awards applications for establishment grants, but the application must be accompanied by confirmation from the Museum Council that the requested premises meet these terms and conditions.<\/p>\n<h3>Museum Council confirmation<\/h3>\n<p>The Museum Council&#039;s confirmation of an application for a foundation grant from the Ministry of Culture is based on:<\/p>\n<ol style=\"list-style-type: lower-alpha;\">\n<li>data that the museum sends to the museum board<\/li>\n<li>a visit by the Museum Council&#039;s supervisory committee if applicable<\/li>\n<li>If applicable \u2013 the museum board may seek other evaluation bodies if necessary.<\/li>\n<\/ol>\n<p>The documents that the Museum Council needs to receive from the museum must confirm that the building for which a grant is being applied for meets the Museum Council&#039;s requirements for museum premises. These conditions are under section 4 of the conditions. <a href=\"https:\/\/safnarad.is\/en\/vidurkennd-sofn\/skilyrdi-vidurkenningar\/\" target=\"_blank\" rel=\"noopener noreferrer\">recognitions<\/a>:<\/p>\n<ol>\n<li><strong>Housing<\/strong>\n<ol>\n<li>The museum shall have <a href=\"http:\/\/www.ust.is\/library\/Skrar\/Atvinnulif\/Starfsleyfi\/Samraemd-starfsleyfisskilyrdi\/Starfsleyfisskilyrdi_fyrir_samkomuhus,_endurskodad_05.06.2007.pdf\">work permit from the health inspectorate<\/a>\u00a0and submit a copy of it to the museum board upon request.<\/li>\n<li>The fire department shall conduct regular inspections of the museum&#039;s premises, and a copy of the fire department&#039;s report shall be submitted to the museum board upon request. Conditions in exhibition and storage premises shall be such that the long-term preservation of artifacts is ensured.<\/li>\n<\/ol>\n<\/li>\n<li><strong>Security issues<\/strong>\n<ol>\n<li>The museum must have a functioning security system, including fire, burglary and moisture alarms. Confirmation of the functioning of the security systems must be submitted to the museum board upon request.<\/li>\n<li>The museum shall monitor the amount of light, temperature and humidity in its premises, measurements shall be recorded regularly and information shall be submitted to the museum board upon request.<\/li>\n<li>A museum must have an emergency plan for staff, visitors and museum resources.<\/li>\n<\/ol>\n<\/li>\n<\/ol>\n<p><strong>The following documents must be submitted to the Museum Board:<\/strong><\/p>\n<ul>\n<li>Formal letter requesting confirmation from the museum board<\/li>\n<li>Drawings of the premises<\/li>\n<li>Information about the museum&#039;s fire protection and security systems and confirmations if available<\/li>\n<li>Copies of emergency plans<\/li>\n<li>Even a summary of construction\/modification costs if the applicant believes it will clarify the issue.<\/li>\n<li>In rare cases, further data or information is requested.<\/li>\n<\/ul>\n<p>Following receipt of the data, the museum board or the museum contacts the museum and a visit from a member of the museum board&#039;s supervisory committee is then arranged.<\/p>\n<p>In exceptional cases, the museum board may seek the services of other expert appraisers if necessary.<\/p>\n<p>Further information can be obtained from the Museums Council office and the Office of Cultural Affairs at the Ministry of Culture.<\/p>\n<h3>About start-up grants in <a href=\"https:\/\/www.althingi.is\/lagas\/nuna\/2011141.html\">Museums Act No. 141\/2011<\/a><\/h3>\n<p><b>Article 11<\/b>\u00a0<em>Foundation grants.<\/em><br \/>\n<img decoding=\"async\" id=\"G11M1\" src=\"https:\/\/www.althingi.is\/lagas\/hk.jpg\" alt=\"\" width=\"11\" \/>\u00a0A recognized museum may be granted a grant from the state treasury to cover establishment costs. In order for a grant to be considered, the terms and conditions set by the Museum Council for museum housing must be followed. These terms and conditions shall, among other things, stipulate the security and preservation of museum objects.<br \/>\n<img decoding=\"async\" id=\"G11M2\" src=\"https:\/\/www.althingi.is\/lagas\/hk.jpg\" alt=\"\" width=\"11\" \/>\u00a0The contribution shall be made according to a special agreement and payment schedule that the museum&#039;s management makes with the ministry before construction begins or a purchase agreement is concluded. If these formal requirements are not met, the museum shall not be eligible for a foundation grant from the treasury in accordance with the provisions of the article.<br \/>\n<img decoding=\"async\" id=\"G11M3\" src=\"https:\/\/www.althingi.is\/lagas\/hk.jpg\" alt=\"\" width=\"11\" \/>\u00a0Before signing an agreement on a state contribution pursuant to this article, the museum in question must submit confirmation that other initial costs are covered.<br \/>\n<img decoding=\"async\" id=\"G11M4\" src=\"https:\/\/www.althingi.is\/lagas\/hk.jpg\" alt=\"\" width=\"11\" \/>\u00a0Funding for foundation grants under this article is subject to the decision of the Althingi on contributions in the budget.<\/p>","protected":false},"excerpt":{"rendered":"<p>Samkv\u00e6mt 11. gr. safnalaga nr. 141\/2011 er heimilt er a\u00f0 veita vi\u00f0urkenndu safni styrk \u00far r\u00edkissj\u00f3\u00f0i til a\u00f0 m\u00e6ta stofnkostna\u00f0i. Til a\u00f0 styrkur komi til \u00e1lita skal fylgja skilm\u00e1lum er safnar\u00e1\u00f0 setur um h\u00fasn\u00e6\u00f0i safna, sem m.a. kve\u00f0a \u00e1 um \u00f6ryggi og var\u00f0veislu safngripa. Menningarr\u00e1\u00f0uneyti\u00f0 tekur vi\u00f0 ums\u00f3knum um stofnstyrki og veitir \u00fe\u00e1, en ums\u00f3kn &hellip;<\/p>","protected":false},"author":2,"featured_media":0,"parent":4768,"menu_order":100,"comment_status":"closed","ping_status":"closed","template":"","meta":{"_acf_changed":false,"_exactmetrics_skip_tracking":false,"_exactmetrics_sitenote_active":false,"_exactmetrics_sitenote_note":"","_exactmetrics_sitenote_category":0,"footnotes":""},"class_list":["post-2521","page","type-page","status-publish","hentry"],"acf":[],"_links":{"self":[{"href":"https:\/\/safnarad.is\/en\/wp-json\/wp\/v2\/pages\/2521","targetHints":{"allow":["GET"]}}],"collection":[{"href":"https:\/\/safnarad.is\/en\/wp-json\/wp\/v2\/pages"}],"about":[{"href":"https:\/\/safnarad.is\/en\/wp-json\/wp\/v2\/types\/page"}],"author":[{"embeddable":true,"href":"https:\/\/safnarad.is\/en\/wp-json\/wp\/v2\/users\/2"}],"replies":[{"embeddable":true,"href":"https:\/\/safnarad.is\/en\/wp-json\/wp\/v2\/comments?post=2521"}],"version-history":[{"count":5,"href":"https:\/\/safnarad.is\/en\/wp-json\/wp\/v2\/pages\/2521\/revisions"}],"predecessor-version":[{"id":4834,"href":"https:\/\/safnarad.is\/en\/wp-json\/wp\/v2\/pages\/2521\/revisions\/4834"}],"up":[{"embeddable":true,"href":"https:\/\/safnarad.is\/en\/wp-json\/wp\/v2\/pages\/4768"}],"wp:attachment":[{"href":"https:\/\/safnarad.is\/en\/wp-json\/wp\/v2\/media?parent=2521"}],"curies":[{"name":"wp","href":"https:\/\/api.w.org\/{rel}","templated":true}]}}