{"id":2503,"date":"2020-03-27T17:42:52","date_gmt":"2020-03-27T17:42:52","guid":{"rendered":"https:\/\/safnarad.is\/?page_id=2503"},"modified":"2025-08-21T17:08:14","modified_gmt":"2025-08-21T17:08:14","slug":"merki-safnasjods","status":"publish","type":"page","link":"https:\/\/safnarad.is\/en\/leidbeiningar\/merki-safnasjods\/","title":{"rendered":"Museum Fund Logo \u2013 For download"},"content":{"rendered":"<p>All published material, advertisements, etc., related to projects funded by the endowment fund must state that they receive a grant from the endowment fund.<\/p>\n<p>The logo of the museum fund can be downloaded here: <a href=\"https:\/\/safnarad.is\/wp-content\/uploads\/2020\/03\/merki1_cmyk.pdf\" class=\"pdfemb-viewer\" style=\"\" data-width=\"max\" data-height=\"max\" data-mobile-width=\"500\"  data-scrollbar=\"none\" data-download=\"on\" data-tracking=\"on\" data-newwindow=\"on\" data-pagetextbox=\"off\" data-scrolltotop=\"off\" data-startzoom=\"100\" data-startfpzoom=\"100\" data-toolbar=\"bottom\" data-toolbar-fixed=\"on\">sign1_cmyk<br\/><\/a> <a href=\"https:\/\/safnarad.is\/wp-content\/uploads\/2020\/03\/merki2_cmyk.pdf\" class=\"pdfemb-viewer\" style=\"\" data-width=\"max\" data-height=\"max\" data-mobile-width=\"500\"  data-scrollbar=\"none\" data-download=\"on\" data-tracking=\"on\" data-newwindow=\"on\" data-pagetextbox=\"off\" data-scrolltotop=\"off\" data-startzoom=\"100\" data-startfpzoom=\"100\" data-toolbar=\"bottom\" data-toolbar-fixed=\"on\">sign2_cmyk<br\/><\/a><\/p>","protected":false},"excerpt":{"rendered":"<p>\u00c1 \u00f6llu \u00fatgefnu efni, augl\u00fdsingum o.s.frv. sem tengist styrktum verkefnum \u00far safnasj\u00f3\u00f0i skal \u00feess geti\u00f0 a\u00f0 \u00fea\u00f0 f\u00e1i styrk fr\u00e1 safnasj\u00f3\u00f0i. H\u00e9r m\u00e1 hala ni\u00f0ur merki safnasj\u00f3\u00f0s:<\/p>","protected":false},"author":2,"featured_media":0,"parent":4768,"menu_order":110,"comment_status":"closed","ping_status":"closed","template":"","meta":{"_acf_changed":false,"_exactmetrics_skip_tracking":false,"_exactmetrics_sitenote_active":false,"_exactmetrics_sitenote_note":"","_exactmetrics_sitenote_category":0,"footnotes":""},"class_list":["post-2503","page","type-page","status-publish","hentry"],"acf":[],"_links":{"self":[{"href":"https:\/\/safnarad.is\/en\/wp-json\/wp\/v2\/pages\/2503","targetHints":{"allow":["GET"]}}],"collection":[{"href":"https:\/\/safnarad.is\/en\/wp-json\/wp\/v2\/pages"}],"about":[{"href":"https:\/\/safnarad.is\/en\/wp-json\/wp\/v2\/types\/page"}],"author":[{"embeddable":true,"href":"https:\/\/safnarad.is\/en\/wp-json\/wp\/v2\/users\/2"}],"replies":[{"embeddable":true,"href":"https:\/\/safnarad.is\/en\/wp-json\/wp\/v2\/comments?post=2503"}],"version-history":[{"count":7,"href":"https:\/\/safnarad.is\/en\/wp-json\/wp\/v2\/pages\/2503\/revisions"}],"predecessor-version":[{"id":4922,"href":"https:\/\/safnarad.is\/en\/wp-json\/wp\/v2\/pages\/2503\/revisions\/4922"}],"up":[{"embeddable":true,"href":"https:\/\/safnarad.is\/en\/wp-json\/wp\/v2\/pages\/4768"}],"wp:attachment":[{"href":"https:\/\/safnarad.is\/en\/wp-json\/wp\/v2\/media?parent=2503"}],"curies":[{"name":"wp","href":"https:\/\/api.w.org\/{rel}","templated":true}]}}