{"id":228,"date":"2017-07-03T12:41:50","date_gmt":"2017-07-03T12:41:50","guid":{"rendered":"http:\/\/vu2158.shelley.1984.is\/?page_id=228"},"modified":"2019-10-25T16:58:34","modified_gmt":"2019-10-25T16:58:34","slug":"nyr-umsoknavefur-safnarads-opnadur","status":"publish","type":"page","link":"https:\/\/safnarad.is\/en\/umsoknavefur\/nyr-umsoknavefur-safnarads-opnadur\/","title":{"rendered":"Instructions"},"content":{"rendered":"<p><img loading=\"lazy\" decoding=\"async\" class=\"size-medium wp-image-229 alignright\" src=\"http:\/\/vu2158.shelley.1984.is\/wp-content\/uploads\/2017\/07\/umsoknarvefurMynd-300x140.png\" alt=\"\" width=\"300\" height=\"140\" srcset=\"https:\/\/safnarad.is\/wp-content\/uploads\/2017\/07\/umsoknarvefurMynd-300x140.png 300w, https:\/\/safnarad.is\/wp-content\/uploads\/2017\/07\/umsoknarvefurMynd-768x358.png 768w, https:\/\/safnarad.is\/wp-content\/uploads\/2017\/07\/umsoknarvefurMynd.png 781w\" sizes=\"auto, (max-width: 300px) 100vw, 300px\" \/><strong><a class=\"secure external\" title=\"Click here if you want to open the application\/return for the first time. (Opens in a new browser tab) (Opens in a new browser tab)\" href=\"https:\/\/safnarad.eydublod.is\/Forms\" target=\"_blank\" rel=\"noopener noreferrer\">Click here if you want to open an application\/return for the first time.<\/a><br \/>\n<\/strong>You select the application you want to open and log in with an \u00cdslykill or electronic ID. Information about \u00cdslykill or electronic IDs can be found at <a href=\"https:\/\/www.island.is\/islykill\/\" target=\"_blank\" rel=\"noopener noreferrer\">website of Iceland.is<\/a>.<\/p>\n<p><a class=\"secure external\" title=\"Click here to view saved or submitted applications. (Opens in new browser tab) (Opens in new browser tab)\" href=\"https:\/\/eydublod.is\/Users\" target=\"_blank\" rel=\"noopener noreferrer\"><strong>Click here to view saved or submitted applications \/ My pages.<\/strong> <\/a><br \/>\nLog in with the same \u00cdslykill or electronic ID as when you saved\/submitted the application.<\/p>\n<p>A copy of the application or return is sent to the email address registered in the application.<\/p>\n<h3>The following applications and submissions are through the application portal.<\/h3>\n<ul>\n<li>All applications from the collection fund<\/li>\n<li>Annual reports of accredited museums<\/li>\n<li>Reports on utilization\n<ul>\n<li>project grants<\/li>\n<li>Continuing education grants<\/li>\n<li>operating grant (from 2017 and later)<\/li>\n<\/ul>\n<\/li>\n<li>Applications for an extension of grant utilization<\/li>\n<\/ul>\n<p>The relevant applications and submissions will be visible when the submission period opens.<\/p>\n<h4>Museum Fund Allocation Rules<\/h4>\n<p>The museum fund&#039;s allocation rules can be found <a class=\"file_pdf\" title=\"here (PDF file)\" href=\"https:\/\/www.stjornartidindi.is\/PdfVersions.aspx?recordId=0c7940ec-de2e-4267-af22-6851b999eb7f\" target=\"_blank\" rel=\"noopener noreferrer\">here<\/a>.<br \/>\nProcedural rules can be found <a class=\"file_pdf\" title=\"here (PDF file)\" href=\"http:\/\/safnarad.is\/en\/safnasjodur\/verklagsreglur\/\" target=\"_blank\" rel=\"noopener noreferrer\">here<\/a>.<\/p>\n<p><span style=\"font-size: 17.6px;\">The application portal<\/span><span style=\"font-size: 17.6px;\">\u00a0b<\/span>accesses Origo's electronic form portal,\u00a0<a class=\"secure external\" title=\"https:\/\/eydublod.is\/ (Opens in a new browser tab)\" href=\"https:\/\/eydublod.is\/\" target=\"_blank\" rel=\"noopener noreferrer\">https:\/\/eydublod.is\/ <\/a>and this system is used by several public institutions, including the National Registry.<\/p>\n<p>&nbsp;<\/p>\n<p>&nbsp;<\/p>","protected":false},"excerpt":{"rendered":"<p>Smelltu h\u00e9r ef \u00fe\u00fa vilt opna ums\u00f3kn \/skil \u00ed fyrsta skipti. \u00de\u00fa velur \u00fe\u00e1 ums\u00f3kn sem \u00fe\u00fa vilt opna og skr\u00e1ir \u00feig inn me\u00f0 \u00cdslykli e\u00f0a rafr\u00e6num skilr\u00edkjum.\u00a0Uppl\u00fdsingar um \u00cdslykil e\u00f0a rafr\u00e6n skilr\u00edki m\u00e1 finna \u00e1 vefs\u00ed\u00f0u \u00cdsland.is. Smelltu h\u00e9r ef \u00fe\u00fa vilt sko\u00f0a vista\u00f0ar e\u00f0a sendar ums\u00f3knir \/ M\u00ednar s\u00ed\u00f0ur. Skr\u00e1\u00f0u \u00feig inn me\u00f0 &hellip;<\/p>","protected":false},"author":1,"featured_media":0,"parent":30,"menu_order":300,"comment_status":"closed","ping_status":"closed","template":"","meta":{"_acf_changed":false,"_exactmetrics_skip_tracking":false,"_exactmetrics_sitenote_active":false,"_exactmetrics_sitenote_note":"","_exactmetrics_sitenote_category":0,"footnotes":""},"class_list":["post-228","page","type-page","status-publish","hentry"],"acf":[],"_links":{"self":[{"href":"https:\/\/safnarad.is\/en\/wp-json\/wp\/v2\/pages\/228","targetHints":{"allow":["GET"]}}],"collection":[{"href":"https:\/\/safnarad.is\/en\/wp-json\/wp\/v2\/pages"}],"about":[{"href":"https:\/\/safnarad.is\/en\/wp-json\/wp\/v2\/types\/page"}],"author":[{"embeddable":true,"href":"https:\/\/safnarad.is\/en\/wp-json\/wp\/v2\/users\/1"}],"replies":[{"embeddable":true,"href":"https:\/\/safnarad.is\/en\/wp-json\/wp\/v2\/comments?post=228"}],"version-history":[{"count":19,"href":"https:\/\/safnarad.is\/en\/wp-json\/wp\/v2\/pages\/228\/revisions"}],"predecessor-version":[{"id":2281,"href":"https:\/\/safnarad.is\/en\/wp-json\/wp\/v2\/pages\/228\/revisions\/2281"}],"up":[{"embeddable":true,"href":"https:\/\/safnarad.is\/en\/wp-json\/wp\/v2\/pages\/30"}],"wp:attachment":[{"href":"https:\/\/safnarad.is\/en\/wp-json\/wp\/v2\/media?parent=228"}],"curies":[{"name":"wp","href":"https:\/\/api.w.org\/{rel}","templated":true}]}}