{"id":2231,"date":"2019-06-12T13:08:20","date_gmt":"2019-06-12T13:08:20","guid":{"rendered":"https:\/\/safnarad.is\/?page_id=2231"},"modified":"2019-06-12T13:08:20","modified_gmt":"2019-06-12T13:08:20","slug":"183-safnaradsfundur","status":"publish","type":"page","link":"https:\/\/safnarad.is\/en\/183-safnaradsfundur\/","title":{"rendered":"183. safnar\u00e1\u00f0sfundur"},"content":{"rendered":"<h4>Starfsfundur \u00e1 Akureyri og kynnisfer\u00f0 \u00e1 s\u00f6fn \u00ed Eyjafir\u00f0i<\/h4>\n<p><strong>M\u00e1nudagurinn 3. j\u00fan\u00ed \u2013 vettvangsfer\u00f0ir \u00e1 s\u00f6fn \u00ed Eyjafir\u00f0i<\/strong><\/p>\n<p>Vi\u00f0st\u00f6dd: \u00d3lafur Kvaran, forma\u00f0ur, Anna Sigr\u00ed\u00f0ur Kristj\u00e1nsd\u00f3ttir, varaforma\u00f0ur, Haraldur \u00de\u00f3r Egilsson, Helga L\u00e1ra \u00deorsteinsd\u00f3ttir, Margr\u00e9t Hallgr\u00edmsd\u00f3ttir, Hilmar Malmquist og \u00de\u00f3ra Bj\u00f6rk \u00d3lafsd\u00f3ttir framkv\u00e6mdastj\u00f3ri. Sigr\u00ed\u00f0ur Bj\u00f6rk J\u00f3nsd\u00f3ttir og Harpa \u00de\u00f3rsd\u00f3ttir komust ekki.<\/p>\n<p>Heims\u00f3tt voru:<\/p>\n<ul>\n<li>Akureyri Art Museum<\/li>\n<li>Akureyri Aviation Museum<\/li>\n<li>Akureyri Industrial Museum<\/li>\n<li>Safnasafni\u00f0 \u00e1 Svalbar\u00f0sstr\u00f6nd<\/li>\n<\/ul>\n<p>&nbsp;<\/p>\n<p><strong>\u00deri\u00f0judagurinn 4. j\u00fan\u00ed 2019, kl. 9.00 &#8211; 16.00<\/strong><\/p>\n<p>Sta\u00f0setning: Minjasafni\u00f0 \u00e1 Akureyri og H\u00f3tel KEA, Akureyri<\/p>\n<p>Vi\u00f0st\u00f6dd: \u00d3lafur Kvaran, forma\u00f0ur, Anna Sigr\u00ed\u00f0ur Kristj\u00e1nsd\u00f3ttir, varaforma\u00f0ur, Haraldur \u00de\u00f3r Egilsson, Helga L\u00e1ra \u00deorsteinsd\u00f3ttir, Sigr\u00ed\u00f0ur Bj\u00f6rk J\u00f3nsd\u00f3ttir, Harpa \u00de\u00f3rsd\u00f3ttir, Margr\u00e9t Hallgr\u00edmsd\u00f3ttir, Hilmar Malmquist og \u00de\u00f3ra Bj\u00f6rk \u00d3lafsd\u00f3ttir framkv\u00e6mdastj\u00f3ri.<\/p>\n<p>Fundur h\u00f3fst me\u00f0 kynningu \u00e1 starfsemi Minjasafnsins \u00e1 Akureyri, b\u00e6\u00f0i \u00ed Dav\u00ed\u00f0sh\u00fasi og \u00e1 safninu sj\u00e1lfu.<\/p>\n<h2>1.\u00a0\u00a0\u00a0\u00a0 M\u00e1l til kynningar<\/h2>\n<ol>\n<li>Yfirlit yfir starfsemi r\u00e1\u00f0sins fr\u00e1 s\u00ed\u00f0asta fundi.<\/li>\n<li>Framkv\u00e6mdastj\u00f3ri f\u00f3r yfir hlutverk safnar\u00e1\u00f0s samkv\u00e6mt <a href=\"https:\/\/www.althingi.is\/lagas\/nuna\/2011141.html\">gr. safnalaga nr. 141\/2011<\/a> og st\u00f6\u00f0u verkefna sem tengjast hverju hlutverki fyrir sig.<\/li>\n<li>Umr\u00e6\u00f0a um stefnum\u00f6rkun safnar\u00e1\u00f0s um safnastarf sem unnin er \u00ed samvinnu vi\u00f0 h\u00f6fu\u00f0s\u00f6fn (sj\u00e1 b-li\u00f0 7. gr. safnalaga). R\u00e6tt um \u00e1herslu\u00fe\u00e6tti \u00ed stefnum\u00f6rkunarvinnunni. Umr\u00e6\u00f0u ver\u00f0ur fylgt eftir \u00e1 n\u00e6sta safnar\u00e1\u00f0sfundi og \u00e1\u00e6tla\u00f0 er a\u00f0 vinnulota ver\u00f0i \u00ed n\u00f3vember n\u00e6stkomandi.<br \/>\nSafnar\u00e1\u00f0 og h\u00f6fu\u00f0s\u00f6fnin eru a\u00f0 undirb\u00faa \u00fe\u00e1 vinnu sem ver\u00f0ur unnin me\u00f0 r\u00e1\u00f0gj\u00f6f Sj\u00e1 r\u00e1\u00f0gjafar. Tilbo\u00f0 f\u00e6rt til sam\u00feykktar sem li\u00f0ur 2.3.<\/li>\n<li>\u00cd lok ma\u00ed var\u00f0 safnar\u00e1\u00f0i kunnugt um a\u00f0 \u00ed li\u00f0 C-14 \u00ed bygg\u00f0a\u00e1\u00e6tlun 2018-2024 sem var sam\u00feykkt \u00ed j\u00fan\u00ed \u00e1 s\u00ed\u00f0asta \u00e1ri, a\u00f0 veittar eru 22,5 millj\u00f3nir kr\u00f3na \u00ed a\u00f0 efla safnastarf \u00ed landinu. Mennta- og menningarm\u00e1lar\u00e1\u00f0uneyti sendi Landshlutasamt\u00f6kum sveitarf\u00e9laga br\u00e9f vegna \u00feess og \u00fear sem \u00feeim er bo\u00f0i\u00f0 a\u00f0 gera \u201ef\u00fdsileikak\u00f6nnun um auki\u00f0 samstarf e\u00f0a sameiningu safna \u00e1 s\u00ednu sv\u00e6\u00f0i \u00ed samstarfi og samr\u00e1\u00f0i vi\u00f0 h\u00f6fu\u00f0safn og vi\u00f0urkennt safn me\u00f0 v\u00edsan til 13. gr. safnalaga, nr. 141\/2011, auk safnar\u00e1\u00f0s. \u00c1rangur af verkefninu ver\u00f0i m\u00e6ldur \u00ed fj\u00f6lda safna sem hefja samstarf e\u00f0a sameinast.\u201c (tilvitnun \u00far br\u00e9finu). Safnar\u00e1\u00f0 r\u00e6ddi um \u00feetta m\u00e1l \u00ed samhengi vi\u00f0 \u00e1kv\u00e6\u00f0i safnalaga, f\u00e6rt til sam\u00feykktar sem li\u00f0ur 2.4.<\/li>\n<li>Matssk\u00fdrsla starfsh\u00f3ps um vi\u00f0urkenningu og styrktegundir kynnt og dr\u00f6g a\u00f0 till\u00f6gum h\u00f3psins lag\u00f0ar fram. Till\u00f6gurnar r\u00e6ddar og breytingar \u00e1 \u00feeim lag\u00f0ar til, matssk\u00fdrslan og till\u00f6gur ver\u00f0a lag\u00f0ar fram til sam\u00feykktar \u00e1 n\u00e6sta safnar\u00e1\u00f0sfundi.<\/li>\n<li>Verkefni safnar\u00e1\u00f0s fr\u00e1 hausti 2019 \u2013 lok \u00e1rs 2020 r\u00e6dd. F\u00e6rt til sam\u00feykktar sem li\u00f0ur 2.5.<\/li>\n<li>\u00d6nnur m\u00e1l til kynningar sem r\u00e6dd voru\n<ul>\n<li>Kynningar safnar\u00e1\u00f0s \u00e1 farsk\u00f3la 2019<\/li>\n<li>Starfsmat og \u00e1hrif \u00e1 faglegt starf \u00e1 s\u00f6fnum<\/li>\n<li>\u00d6ryggis- og bj\u00f6rgunar\u00e1\u00e6tlun fr\u00e1 Bygg\u00f0asafni Skagfir\u00f0inga. F\u00e6rt til sam\u00feykktar sem li\u00f0ur 2.6<\/li>\n<\/ul>\n<\/li>\n<\/ol>\n<h2>2. Matters for decision<\/h2>\n<ol>\n<li>N\u00fdtingask\u00fdrslur styrkja fr\u00e1 2017 sam\u00feykktar<br \/>\n<strong>Operating grants<\/strong>. N\u00fa er fyrsta \u00e1ri\u00f0 sem styrk\u00feegar hafa \u00feurft a\u00f0 skila sk\u00fdrslum vegna rekstrarstyrkja og er \u00fea\u00f0 vegna rekstrarstyrkja 2017. 38 s\u00f6fn fengu rekstrarstyrk og 38 sk\u00fdrslur hafa borist. Safnar\u00e1\u00f0 sta\u00f0festi m\u00f3tt\u00f6ku 38 sk\u00fdrslna.<br \/>\n<strong>Project grants<\/strong>. \u00c1ri\u00f0 2017 voru veittar 72.229.000 kr. til 86 verkefna \u00ed a\u00f0al\u00fathlutun og samkv\u00e6mt safnal\u00f6gum eiga styrk\u00feegar a\u00f0 skila sk\u00fdrslum um n\u00fdtingu styrkjanna innan tveggja \u00e1ra. 80 sk\u00fdrslur um n\u00fdtingu verkefnastyrkja 2017 hafa borist, skila \u00fearf uppf\u00e6r\u00f0ri sk\u00fdrslu vegna 2ja verkefna, eitt safn f\u00e9kk frest \u00e1 skilum vegna eins verkefnis vegna veikinda (verkefni \u00fe\u00f3 loki\u00f0), \u00fer\u00edr fengu frest um n\u00fdtingu styrks e\u00f0a hafa s\u00f3tt um frest. Safnar\u00e1\u00f0 sta\u00f0festi m\u00f3tt\u00f6ku 80 sk\u00fdrslna.<br \/>\n<strong>S\u00edmenntunarstyrkir<\/strong>. 35 s\u00edmenntunarstyrkir voru veittir 2017. 33 sk\u00fdrslur hafa borist og 2 styrkir af\u00feakka\u00f0ir. Safnar\u00e1\u00f0 sta\u00f0festi m\u00f3tt\u00f6ku 33 sk\u00fdrslna.<\/li>\n<li>Fr\u00e1 og me\u00f0 styrk\u00e1rinu 2018 skila styrk\u00feegar verkefnastyrkja \u00e1fangask\u00fdrslu til safnar\u00e1\u00f0s vegna \u00feeirra styrkja sem eru 1.500.000 kr. e\u00f0a h\u00e6rri. 23 verkefni fengu h\u00e6rri styrk en 1.500.000 kr. \u00e1ri\u00f0 2018. Einn styrkur var af\u00feakka\u00f0ur og ver\u00f0ur \u00fea\u00f0 fj\u00e1rmagn n\u00fdtt til auka\u00fathlutunar 2019. 1 styrkur af\u00feakka\u00f0ur, 7 Lokask\u00fdrslur hafa borist (\u00fe\u00e1 \u00fearf ekki a\u00f0 skila \u00e1fangask\u00fdrslu), 14 \u00e1fangask\u00fdrslur hafa borist og einni sk\u00fdrslu hefur ekki veri\u00f0 skila\u00f0 vegna fr\u00eda safnstj\u00f3ra. Safnar\u00e1\u00f0 sta\u00f0festi m\u00f3tt\u00f6ku 7 lokask\u00fdrslna og 14 \u00e1fangask\u00fdrslna.<\/li>\n<li>Vegna li\u00f0s 1.3. Tilbo\u00f0 fr\u00e1 Sj\u00e1 r\u00e1\u00f0gj\u00f6f vegna r\u00e1\u00f0gjafar vegna stefnum\u00f6rkunar \u00ed safnastarfi sam\u00feykkt.<\/li>\n<li>Vegna li\u00f0s 1.4. Sam\u00feykkt a\u00f0 safnar\u00e1\u00f0 og h\u00f6fu\u00f0s\u00f6fnin munu senda br\u00e9f til r\u00e1\u00f0uneytis vegna \u00feessa m\u00e1ls og \u00fev\u00ed mun fylgja fyrri br\u00e9f um \u00e1byrg\u00f0ars\u00f6fn fr\u00e1 safnar\u00e1\u00f0i og MMRN.<\/li>\n<li>Vegna li\u00f0s 1.6, vegna verkefna fr\u00e1 hausti 2019 \u2013 loka 2020. Safnar\u00e1\u00f0 sam\u00feykkti a\u00f0 halda m\u00e1l\u00feing vor e\u00f0a haust 2020 um n\u00e1tt\u00faruarfinn og verndum hans me\u00f0 v\u00edsan \u00ed 1. mgr. 1. gr. og 2. mgr. 3. gr. safnalaga. Sam\u00feykkt a\u00f0 safnar\u00e1\u00f0 leiti lei\u00f0a a\u00f0 kynna og taka saman \u00fe\u00e1 erlendu sj\u00f3\u00f0i sem s\u00f6fn geta s\u00f3tt um \u00ed. \u00d3ska\u00f0 ver\u00f0ur eftir samstarfi vi\u00f0 a\u00f0ila innan safnastarfsins vegna \u00feessa.<\/li>\n<\/ol>\n<h2>3.\u00a0\u00a0\u00a0\u00a0 \u00d6nnur m\u00e1l<\/h2>\n<p>Other issues not discussed.<\/p>\n<p>&nbsp;<\/p>\n<p>Fundi sliti\u00f0 15.50 \/ \u00deB\u00d3<\/p>","protected":false},"excerpt":{"rendered":"<p>Starfsfundur \u00e1 Akureyri og kynnisfer\u00f0 \u00e1 s\u00f6fn \u00ed Eyjafir\u00f0i M\u00e1nudagurinn 3. j\u00fan\u00ed \u2013 vettvangsfer\u00f0ir \u00e1 s\u00f6fn \u00ed Eyjafir\u00f0i Vi\u00f0st\u00f6dd: \u00d3lafur Kvaran, forma\u00f0ur, Anna Sigr\u00ed\u00f0ur Kristj\u00e1nsd\u00f3ttir, varaforma\u00f0ur, Haraldur \u00de\u00f3r Egilsson, Helga L\u00e1ra \u00deorsteinsd\u00f3ttir, Margr\u00e9t Hallgr\u00edmsd\u00f3ttir, Hilmar Malmquist og \u00de\u00f3ra Bj\u00f6rk \u00d3lafsd\u00f3ttir framkv\u00e6mdastj\u00f3ri. Sigr\u00ed\u00f0ur Bj\u00f6rk J\u00f3nsd\u00f3ttir og Harpa \u00de\u00f3rsd\u00f3ttir komust ekki. Heims\u00f3tt voru: Listasafni\u00f0 \u00e1 Akureyri Flugsafni\u00f0 &hellip;<\/p>","protected":false},"author":2,"featured_media":0,"parent":0,"menu_order":0,"comment_status":"closed","ping_status":"closed","template":"","meta":{"_acf_changed":false,"_exactmetrics_skip_tracking":false,"_exactmetrics_sitenote_active":false,"_exactmetrics_sitenote_note":"","_exactmetrics_sitenote_category":0,"footnotes":""},"class_list":["post-2231","page","type-page","status-publish","hentry"],"acf":[],"_links":{"self":[{"href":"https:\/\/safnarad.is\/en\/wp-json\/wp\/v2\/pages\/2231","targetHints":{"allow":["GET"]}}],"collection":[{"href":"https:\/\/safnarad.is\/en\/wp-json\/wp\/v2\/pages"}],"about":[{"href":"https:\/\/safnarad.is\/en\/wp-json\/wp\/v2\/types\/page"}],"author":[{"embeddable":true,"href":"https:\/\/safnarad.is\/en\/wp-json\/wp\/v2\/users\/2"}],"replies":[{"embeddable":true,"href":"https:\/\/safnarad.is\/en\/wp-json\/wp\/v2\/comments?post=2231"}],"version-history":[{"count":2,"href":"https:\/\/safnarad.is\/en\/wp-json\/wp\/v2\/pages\/2231\/revisions"}],"predecessor-version":[{"id":2233,"href":"https:\/\/safnarad.is\/en\/wp-json\/wp\/v2\/pages\/2231\/revisions\/2233"}],"wp:attachment":[{"href":"https:\/\/safnarad.is\/en\/wp-json\/wp\/v2\/media?parent=2231"}],"curies":[{"name":"wp","href":"https:\/\/api.w.org\/{rel}","templated":true}]}}