{"id":2156,"date":"2019-03-22T12:32:17","date_gmt":"2019-03-22T12:32:17","guid":{"rendered":"https:\/\/safnarad.is\/?page_id=2156"},"modified":"2019-03-25T14:22:11","modified_gmt":"2019-03-25T14:22:11","slug":"vafrakokur","status":"publish","type":"page","link":"https:\/\/safnarad.is\/en\/vafrakokur\/","title":{"rendered":"Cookies"},"content":{"rendered":"<div>We use cookies on our website to ensure the best possible user experience. Cookies are used for various purposes, including improving website functionality, for analytics, and for targeting advertising to specific audiences.<\/div>\n<div><\/div>\n<p><\/p>\n<div>What is a cookie? A cookie is a small file, usually composed of letters and numbers, that is loaded onto computers when users visit certain websites. Cookies allow websites to recognize users' computers. More information about cookies can be found at www.allaboutcookies.org.<\/div>\n<div><\/div>\n<p><\/p>\n<div>What are the different types of cookies? Session cookies allow websites to link to a user's actions during a browsing session. They are used for various purposes, such as remembering what a user has put in their shopping cart while on a website. Session cookies can also be used for security purposes. Session cookies are deleted when a user leaves a website and are therefore not stored long-term. Persistent cookies are stored on a user's computer and remember a user's preferences or actions on a website.<\/div>\n<p><\/p>\n<div><\/div>\n<div>First-party and third-party cookies. Whether a cookie is considered a first-party or third-party cookie depends on the domain of the website that creates the cookie. First-party cookies are essentially cookies that are created by the website the user is visiting. Third-party cookies are those that are created on a different domain from the one the user is visiting. Those who are concerned about cookies and wish to disconnect from them can do so in their browser settings. Please note that our website does not guarantee the accuracy or security of content on third-party websites.<\/div>","protected":false},"excerpt":{"rendered":"<p>Vi\u00f0 notum vafrak\u00f6kur \u00e1 vefsv\u00e6\u00f0inu til \u00feess a\u00f0 tryggja bestu m\u00f6gulegu upplifun notenda. Vafrak\u00f6kur eru nota\u00f0ar \u00ed margv\u00edslegum tilgangi, \u00fear \u00e1 me\u00f0al til \u00feess a\u00f0 b\u00e6ta virkni vefsv\u00e6\u00f0a, til greiningar og til a\u00f0 beina augl\u00fdsingum til markh\u00f3pa. Hva\u00f0 er vafrakaka? Vafrakaka er l\u00edtil skr\u00e1, gjarnan samsett af b\u00f3kst\u00f6fum og t\u00f6lust\u00f6fum, sem hle\u00f0st inn \u00e1 t\u00f6lvur &hellip;<\/p>","protected":false},"author":2,"featured_media":0,"parent":0,"menu_order":0,"comment_status":"closed","ping_status":"closed","template":"","meta":{"_acf_changed":false,"_exactmetrics_skip_tracking":false,"_exactmetrics_sitenote_active":false,"_exactmetrics_sitenote_note":"","_exactmetrics_sitenote_category":0,"footnotes":""},"class_list":["post-2156","page","type-page","status-publish","hentry"],"acf":[],"_links":{"self":[{"href":"https:\/\/safnarad.is\/en\/wp-json\/wp\/v2\/pages\/2156","targetHints":{"allow":["GET"]}}],"collection":[{"href":"https:\/\/safnarad.is\/en\/wp-json\/wp\/v2\/pages"}],"about":[{"href":"https:\/\/safnarad.is\/en\/wp-json\/wp\/v2\/types\/page"}],"author":[{"embeddable":true,"href":"https:\/\/safnarad.is\/en\/wp-json\/wp\/v2\/users\/2"}],"replies":[{"embeddable":true,"href":"https:\/\/safnarad.is\/en\/wp-json\/wp\/v2\/comments?post=2156"}],"version-history":[{"count":2,"href":"https:\/\/safnarad.is\/en\/wp-json\/wp\/v2\/pages\/2156\/revisions"}],"predecessor-version":[{"id":2160,"href":"https:\/\/safnarad.is\/en\/wp-json\/wp\/v2\/pages\/2156\/revisions\/2160"}],"wp:attachment":[{"href":"https:\/\/safnarad.is\/en\/wp-json\/wp\/v2\/media?parent=2156"}],"curies":[{"name":"wp","href":"https:\/\/api.w.org\/{rel}","templated":true}]}}