{"id":10,"date":"2017-06-19T21:55:24","date_gmt":"2017-06-19T21:55:24","guid":{"rendered":"http:\/\/vu2158.shelley.1984.is\/?page_id=10"},"modified":"2025-08-21T14:57:44","modified_gmt":"2025-08-21T14:57:44","slug":"um-safnarad","status":"publish","type":"page","link":"https:\/\/safnarad.is\/en\/um-safnarad\/","title":{"rendered":"About the Museum Council"},"content":{"rendered":"<p class=\"p1\">The Collection Council is an administrative committee that operates according to <a href=\"https:\/\/www.althingi.is\/lagas\/nuna\/2011141.html\">Museums Act No. 141\/2011<\/a> and its main role is to oversee museum activities in the country, work on policy for museum work, review museum accreditations, and provide opinions on grant applications to the museum fund. The Minister of Culture appoints the Museum Council for four-year terms.<\/p>\n\n\n\n<p>The office of the council of museums is housed in <a href=\"https:\/\/www.google.com\/maps\/place\/Austurstr%C3%A6ti+5,+101+Reykjav%C3%ADk\/@64.147983,-21.9407911,19z\/data=!3m1!4b1!4m6!3m5!1s0x48d60b2d112f4f6d:0x360fcc6044f6a903!8m2!3d64.147983!4d-21.940146!16s%2Fg%2F11gp3q2ks8!5m1!1e1?entry=ttu&amp;g_ep=EgoyMDI0MTAyOS4wIKXMDSoASAFQAw%3D%3D\">5 Austurstr\u00e6ti, 101 Reykjav\u00edk.<\/a><\/p>\n\n\n\n<hr class=\"wp-block-separator has-alpha-channel-opacity\"\/>\n\n\n\n<h2 class=\"wp-block-heading\"><strong>Role of the Museum Council pursuant to Article 7 of the Museum Act<\/strong><\/h2>\n\n\n\n<p class=\"has-text-align-left\">&nbsp;&nbsp;&nbsp;&nbsp;a. to supervise the collection of donations in the country<br>&nbsp;&nbsp;&nbsp;&nbsp;b. to work on strategic planning for museum work in cooperation with major museums, to be submitted to the minister for approval.<br>&nbsp;&nbsp;&nbsp;&nbsp;c. to consider the founding documents or bylaws of associations and approve them<br>&nbsp;&nbsp;&nbsp;&nbsp;d. to discuss the recognition of museums and the revocation of recognition before related proposals are submitted to the minister<br>&nbsp;&nbsp;&nbsp;&nbsp;e. to set terms regarding museum housing, including standards for accessibility and security<br>&nbsp;&nbsp;&nbsp;&nbsp;To set standards for collection registration systems and the accreditation of such systems.<br>&nbsp;&nbsp;&nbsp;&nbsp;g. to provide the relevant principal repository with an opinion on matters concerning the disposition or disposal of collection items.<br>&nbsp;&nbsp;&nbsp;&nbsp;h. to assess the need of a professional field or a geographical area for a special collection and to discuss a proposal concerning it before the main library sends it to the minister.<br>&nbsp;&nbsp;&nbsp;&nbsp;i. to establish allocation rules for the museum fund, which are confirmed by the minister<br>&nbsp;&nbsp;&nbsp;&nbsp;j. to provide an opinion on grant applications from the collections fund<br>&nbsp;&nbsp;&nbsp;&nbsp;k. to carry out other tasks in the field of museum affairs as determined by the minister<\/p>\n\n\n\n<p>The Museum Council shall convene a consultation meeting at least annually with the minister and representatives of the national museums and the professional associations involved in the museums' work. The Museum Council shall draw up rules on the procedure for the consultation meeting, the participants, and the agenda, which shall be approved by the minister.<br><\/p>\n\n\n\n<hr class=\"wp-block-separator has-alpha-channel-opacity\"\/>\n\n\n\n<p><\/p>\n\n\n\n<pre class=\"wp-block-preformatted\"><\/pre>","protected":false},"excerpt":{"rendered":"<p>Safnar\u00e1\u00f0 er stj\u00f3rns\u00fdslunefnd sem starfar eftir safnal\u00f6gum nr. 141\/2011 og er meginhlutverk \u00feess a\u00f0 hafa eftirlit me\u00f0 safnastarfsemi \u00ed landinu, vinna a\u00f0 stefnum\u00f6rkun um safnastarf, fjalla um vi\u00f0urkenningar safna og veita umsagnir um styrkums\u00f3knir \u00ed safnasj\u00f3\u00f0. Menningarr\u00e1\u00f0herra skipar \u00ed safnar\u00e1\u00f0 til fj\u00f6gurra \u00e1ra \u00ed senn. Skrifstofa safnar\u00e1\u00f0s er til h\u00fasa \u00ed Austurstr\u00e6ti 5, 101 Reykjav\u00edk. &hellip;<\/p>","protected":false},"author":1,"featured_media":0,"parent":0,"menu_order":0,"comment_status":"closed","ping_status":"closed","template":"","meta":{"_acf_changed":false,"_exactmetrics_skip_tracking":false,"_exactmetrics_sitenote_active":false,"_exactmetrics_sitenote_note":"","_exactmetrics_sitenote_category":0,"footnotes":""},"class_list":["post-10","page","type-page","status-publish","hentry"],"acf":[],"_links":{"self":[{"href":"https:\/\/safnarad.is\/en\/wp-json\/wp\/v2\/pages\/10","targetHints":{"allow":["GET"]}}],"collection":[{"href":"https:\/\/safnarad.is\/en\/wp-json\/wp\/v2\/pages"}],"about":[{"href":"https:\/\/safnarad.is\/en\/wp-json\/wp\/v2\/types\/page"}],"author":[{"embeddable":true,"href":"https:\/\/safnarad.is\/en\/wp-json\/wp\/v2\/users\/1"}],"replies":[{"embeddable":true,"href":"https:\/\/safnarad.is\/en\/wp-json\/wp\/v2\/comments?post=10"}],"version-history":[{"count":24,"href":"https:\/\/safnarad.is\/en\/wp-json\/wp\/v2\/pages\/10\/revisions"}],"predecessor-version":[{"id":4815,"href":"https:\/\/safnarad.is\/en\/wp-json\/wp\/v2\/pages\/10\/revisions\/4815"}],"wp:attachment":[{"href":"https:\/\/safnarad.is\/en\/wp-json\/wp\/v2\/media?parent=10"}],"curies":[{"name":"wp","href":"https:\/\/api.w.org\/{rel}","templated":true}]}}